{"id":21017,"date":"2024-07-03T09:29:58","date_gmt":"2024-07-03T07:29:58","guid":{"rendered":"https:\/\/www.knjiznica.it\/britannica-library\/"},"modified":"2024-07-04T14:33:29","modified_gmt":"2024-07-04T12:33:29","slug":"britannica-library","status":"publish","type":"page","link":"https:\/\/knjiznica.it\/it\/britannica-library\/","title":{"rendered":"Britannica Library"},"content":{"rendered":"\t\t<div data-elementor-type=\"wp-page\" data-elementor-id=\"21017\" class=\"elementor elementor-21017 elementor-21011\" data-elementor-post-type=\"page\">\n\t\t\t\t\t\t<section class=\"elementor-section elementor-top-section elementor-element elementor-element-48954829 elementor-section-boxed elementor-section-height-default elementor-section-height-default\" data-id=\"48954829\" data-element_type=\"section\">\n\t\t\t\t\t\t<div class=\"elementor-container elementor-column-gap-default\">\n\t\t\t\t\t<div class=\"elementor-column elementor-col-100 elementor-top-column elementor-element elementor-element-1e3deb6e\" data-id=\"1e3deb6e\" data-element_type=\"column\">\n\t\t\t<div class=\"elementor-widget-wrap elementor-element-populated\">\n\t\t\t\t\t\t<div class=\"elementor-element elementor-element-83490ea elementor-align-center elementor-widget elementor-widget-button\" data-id=\"83490ea\" data-element_type=\"widget\" data-widget_type=\"button.default\">\n\t\t\t\t<div class=\"elementor-widget-container\">\n\t\t\t\t\t<div class=\"elementor-button-wrapper\">\n\t\t\t<a class=\"elementor-button elementor-button-link elementor-size-sm\" href=\"https:\/\/login.eviri.ook.sik.si\/login?qurl=https:\/\/library.eb.co.uk%2flevels\">\n\t\t\t\t\t\t<span class=\"elementor-button-content-wrapper\">\n\t\t\t\t\t\t<span class=\"elementor-button-text\">ACCESSO<\/span>\n\t\t<\/span>\n\t\t\t\t\t<\/a>\n\t\t<\/div>\n\t\t\t\t<\/div>\n\t\t\t\t<\/div>\n\t\t\t\t<div class=\"elementor-element elementor-element-185d5ede elementor-widget elementor-widget-text-editor\" data-id=\"185d5ede\" data-element_type=\"widget\" data-widget_type=\"text-editor.default\">\n\t\t\t\t<div class=\"elementor-widget-container\">\n\t\t\t\t\t\t\t<p>L&#8217;edizione online dell&#8217;enciclopedia Britannica per le biblioteche pubbliche contiene l&#8217;intero contenuto della versione cartacea dell&#8217;Enciclopedia, con oltre 108.000 articoli. Include anche il Merriam-Webster Collegiate Dictionary ed il Thesaurus con oltre 550.000 voci, 4.000 video e audio, un atlante mondiale, testi letterari completi di 140 autori, aree tematiche, statistiche nazionali e molto altro.<\/p><p>La ricerca \u00e8 possibile parola chiave, per indice (The Index), per ordine alfabetico delle parole chiave (A-Z Browse) e per aree tematiche e sotto-argomenti (By Subject). I risultati della ricerca sono suddivisi in tre gruppi: bambini, studenti e adulti. Ogni gruppo contiene spiegazioni delle parole chiave adatte all&#8217;et\u00e0, immagini e sussidi didattici per incoraggiare la ricerca e, per gli utenti pi\u00f9 giovani, l&#8217;apprendimento dell&#8217;inglese.<\/p><p>Per poter ascoltare gli audiolibri offerti gratuitamente bisogna essere iscritti alla Biblioteca Centrale Sre\u010dko Vilhar di Capodistria o alla Gori\u0161ka knji\u017enica Franceta Bevka di Nova Gorica. Entrambe le biblioteche offrono ai nostri utenti l\u2019iscrizione gratuita per l\u2019uso delle risorse digitali. Per maggiori informazioni contattate la nostra biblioteca.<\/p><p><strong>Per accedere, \u00e8 necessario il numero della tessera della biblioteca di Capodistria o di Nova Gorica e la password.<\/strong><\/p>\t\t\t\t\t\t<\/div>\n\t\t\t\t<\/div>\n\t\t\t\t\t<\/div>\n\t\t<\/div>\n\t\t\t\t\t<\/div>\n\t\t<\/section>\n\t\t\t\t<\/div>\n\t\t","protected":false},"excerpt":{"rendered":"<p>ACCESSO L&#8217;edizione online dell&#8217;enciclopedia Britannica per le biblioteche pubbliche contiene l&#8217;intero contenuto della versione cartacea dell&#8217;Enciclopedia, con oltre 108.000 articoli. Include anche il Merriam-Webster Collegiate Dictionary ed il Thesaurus con [&hellip;]<\/p>\n","protected":false},"author":11,"featured_media":0,"parent":0,"menu_order":0,"comment_status":"closed","ping_status":"closed","template":"","meta":{"_acf_changed":false,"cybocfi_hide_featured_image":"","footnotes":""},"class_list":["post-21017","page","type-page","status-publish","hentry"],"acf":[],"_links":{"self":[{"href":"https:\/\/knjiznica.it\/it\/wp-json\/wp\/v2\/pages\/21017","targetHints":{"allow":["GET"]}}],"collection":[{"href":"https:\/\/knjiznica.it\/it\/wp-json\/wp\/v2\/pages"}],"about":[{"href":"https:\/\/knjiznica.it\/it\/wp-json\/wp\/v2\/types\/page"}],"author":[{"embeddable":true,"href":"https:\/\/knjiznica.it\/it\/wp-json\/wp\/v2\/users\/11"}],"replies":[{"embeddable":true,"href":"https:\/\/knjiznica.it\/it\/wp-json\/wp\/v2\/comments?post=21017"}],"version-history":[{"count":11,"href":"https:\/\/knjiznica.it\/it\/wp-json\/wp\/v2\/pages\/21017\/revisions"}],"predecessor-version":[{"id":21205,"href":"https:\/\/knjiznica.it\/it\/wp-json\/wp\/v2\/pages\/21017\/revisions\/21205"}],"wp:attachment":[{"href":"https:\/\/knjiznica.it\/it\/wp-json\/wp\/v2\/media?parent=21017"}],"curies":[{"name":"wp","href":"https:\/\/api.w.org\/{rel}","templated":true}]}}