{"id":21021,"date":"2024-07-03T09:31:45","date_gmt":"2024-07-03T07:31:45","guid":{"rendered":"https:\/\/www.knjiznica.it\/audibook\/"},"modified":"2024-07-03T14:55:40","modified_gmt":"2024-07-03T12:55:40","slug":"audibook","status":"publish","type":"page","link":"https:\/\/knjiznica.it\/it\/audibook\/","title":{"rendered":"Audibook"},"content":{"rendered":"\t\t<div data-elementor-type=\"wp-page\" data-elementor-id=\"21021\" class=\"elementor elementor-21021 elementor-21009\" data-elementor-post-type=\"page\">\n\t\t\t\t\t\t<section class=\"elementor-section elementor-top-section elementor-element elementor-element-7581900d elementor-section-boxed elementor-section-height-default elementor-section-height-default\" data-id=\"7581900d\" data-element_type=\"section\" data-e-type=\"section\">\n\t\t\t\t\t\t<div class=\"elementor-container elementor-column-gap-default\">\n\t\t\t\t\t<div class=\"elementor-column elementor-col-100 elementor-top-column elementor-element elementor-element-9c99634\" data-id=\"9c99634\" data-element_type=\"column\" data-e-type=\"column\">\n\t\t\t<div class=\"elementor-widget-wrap elementor-element-populated\">\n\t\t\t\t\t\t<section class=\"elementor-section elementor-inner-section elementor-element elementor-element-227d03f elementor-section-boxed elementor-section-height-default elementor-section-height-default\" data-id=\"227d03f\" data-element_type=\"section\" data-e-type=\"section\">\n\t\t\t\t\t\t<div class=\"elementor-container elementor-column-gap-default\">\n\t\t\t\t\t<div class=\"elementor-column elementor-col-50 elementor-inner-column elementor-element elementor-element-ad20b99\" data-id=\"ad20b99\" data-element_type=\"column\" data-e-type=\"column\">\n\t\t\t<div class=\"elementor-widget-wrap elementor-element-populated\">\n\t\t\t\t\t\t<div class=\"elementor-element elementor-element-329ec03 elementor-align-center elementor-widget elementor-widget-button\" data-id=\"329ec03\" data-element_type=\"widget\" data-e-type=\"widget\" data-widget_type=\"button.default\">\n\t\t\t\t<div class=\"elementor-widget-container\">\n\t\t\t\t\t\t\t\t\t<div class=\"elementor-button-wrapper\">\n\t\t\t\t\t<a class=\"elementor-button elementor-button-link elementor-size-sm\" href=\"https:\/\/play.google.com\/store\/apps\/details?id=com.audibook.audibook\">\n\t\t\t\t\t\t<span class=\"elementor-button-content-wrapper\">\n\t\t\t\t\t\t<span class=\"elementor-button-icon\">\n\t\t\t\t<i aria-hidden=\"true\" class=\"fab fa-android\"><\/i>\t\t\t<\/span>\n\t\t\t\t\t\t\t\t\t<span class=\"elementor-button-text\">GOOGLE PLAY (ANDROID)<\/span>\n\t\t\t\t\t<\/span>\n\t\t\t\t\t<\/a>\n\t\t\t\t<\/div>\n\t\t\t\t\t\t\t\t<\/div>\n\t\t\t\t<\/div>\n\t\t\t\t\t<\/div>\n\t\t<\/div>\n\t\t\t\t<div class=\"elementor-column elementor-col-50 elementor-inner-column elementor-element elementor-element-1618db9\" data-id=\"1618db9\" data-element_type=\"column\" data-e-type=\"column\">\n\t\t\t<div class=\"elementor-widget-wrap elementor-element-populated\">\n\t\t\t\t\t\t<div class=\"elementor-element elementor-element-b541147 elementor-align-center elementor-widget elementor-widget-button\" data-id=\"b541147\" data-element_type=\"widget\" data-e-type=\"widget\" data-widget_type=\"button.default\">\n\t\t\t\t<div class=\"elementor-widget-container\">\n\t\t\t\t\t\t\t\t\t<div class=\"elementor-button-wrapper\">\n\t\t\t\t\t<a class=\"elementor-button elementor-button-link elementor-size-sm\" href=\"https:\/\/apps.apple.com\/si\/app\/audibook\/id1204426479?ls=1\">\n\t\t\t\t\t\t<span class=\"elementor-button-content-wrapper\">\n\t\t\t\t\t\t<span class=\"elementor-button-icon\">\n\t\t\t\t<i aria-hidden=\"true\" class=\"fab fa-apple\"><\/i>\t\t\t<\/span>\n\t\t\t\t\t\t\t\t\t<span class=\"elementor-button-text\">APP STORE (iOS)<\/span>\n\t\t\t\t\t<\/span>\n\t\t\t\t\t<\/a>\n\t\t\t\t<\/div>\n\t\t\t\t\t\t\t\t<\/div>\n\t\t\t\t<\/div>\n\t\t\t\t\t<\/div>\n\t\t<\/div>\n\t\t\t\t\t<\/div>\n\t\t<\/section>\n\t\t\t\t<div class=\"elementor-element elementor-element-1d790d66 elementor-widget elementor-widget-text-editor\" data-id=\"1d790d66\" data-element_type=\"widget\" data-e-type=\"widget\" data-widget_type=\"text-editor.default\">\n\t\t\t\t<div class=\"elementor-widget-container\">\n\t\t\t\t\t\t\t\t\t<p>L&#8217;applicazione mobile Audibook consente di riprodurre audiolibri su dispositivi mobili iOS o Android. La piattaforma offre audiolibri in sloveno, croato, inglese e tedesco.<\/p><p>Per poter ascoltare gli audiolibri offerti gratuitamente bisogna essere iscritti alla Biblioteca Centrale Sre\u010dko Vilhar di Capodistria o alla Gori\u0161ka knji\u017enica Franceta Bevka di Nova Gorica. Entrambe le biblioteche offrono ai nostri utenti l\u2019iscrizione gratuita per l\u2019uso delle risorse digitali. Per maggiori informazioni contattate la nostra biblioteca.<\/p><p><strong>Per accedere, \u00e8 necessario il numero della tessera della biblioteca di Capodistria o di Nova Gorica e la password.<\/strong><\/p><p>ISTRUZIONI:<br \/>Dopo aver installato l&#8217;applicazione, create un <strong>profilo Audibook<\/strong>. Si pu\u00f2 scegliere di accedere con il proprio account Facebook o con il proprio indirizzo e-mail. In quest&#8217;ultimo caso dovrete impostare una nuova password per accedere all&#8217;app. Selezionate Prestito in biblioteca (<strong>Library borrow<\/strong>) dal menu. Selezionate<strong> una biblioteca (Biblioteca centrale di Sre\u010dka Vilhar o Biblioteca Fran\u010dek Bevko di Gori\u0161ka)<\/strong>. Inserite <strong>il numero e la password della vostra tessera bibliotecaria<\/strong>. Confermate la selezione o cliccate su Aggiungi tessera bibliotecaria (<strong>Add library membership<\/strong>).<\/p><p><strong>I libri che possono essere presi in prestito gratuitamente sono contrassegnati dal simbolo della casa<\/strong>. Per prendere in prestito un libro cliccare sul pulsante <strong>PRESTA (BORROW)<\/strong>. Per acquistare gli audiolibri, cliccare sul pulsante <strong>ACQUISTA (BUY).<\/strong> <strong>La gamma di libri offerti gratuitamente pu\u00f2 variare da una biblioteca all&#8217;altra<\/strong>.<\/p><p>L\u2019utente pu\u00f2 prendere in prestito fino a 5 e-book alla volta, il periodo di prestito \u00e8 di 14 giorni. Non sono ammesse proroghe, ma solo restituzioni anticipate o ri-prestiti. Alla scadenza del periodo di prestito, l&#8217;accesso all&#8217;audiolibro si interrompe automaticamente.<\/p><p><iframe title=\"YouTube video player\" src=\"https:\/\/www.youtube.com\/embed\/qR_EEVK14Ps?si=z5oYny3IF6Do8omR\" width=\"560\" height=\"315\" frameborder=\"0\" allowfullscreen=\"allowfullscreen\"><\/iframe><\/p>\t\t\t\t\t\t\t\t<\/div>\n\t\t\t\t<\/div>\n\t\t\t\t<div class=\"elementor-element elementor-element-46d8faf elementor-align-center elementor-widget elementor-widget-button\" data-id=\"46d8faf\" data-element_type=\"widget\" data-e-type=\"widget\" data-widget_type=\"button.default\">\n\t\t\t\t<div class=\"elementor-widget-container\">\n\t\t\t\t\t\t\t\t\t<div class=\"elementor-button-wrapper\">\n\t\t\t\t\t<a class=\"elementor-button elementor-button-link elementor-size-sm\" href=\"https:\/\/audibook.si\/\">\n\t\t\t\t\t\t<span class=\"elementor-button-content-wrapper\">\n\t\t\t\t\t\t<span class=\"elementor-button-icon\">\n\t\t\t\t<i aria-hidden=\"true\" class=\"fas fa-headphones-alt\"><\/i>\t\t\t<\/span>\n\t\t\t\t\t\t\t\t\t<span class=\"elementor-button-text\">PAGINA UFFICIALE AUDIBOOK<\/span>\n\t\t\t\t\t<\/span>\n\t\t\t\t\t<\/a>\n\t\t\t\t<\/div>\n\t\t\t\t\t\t\t\t<\/div>\n\t\t\t\t<\/div>\n\t\t\t\t\t<\/div>\n\t\t<\/div>\n\t\t\t\t\t<\/div>\n\t\t<\/section>\n\t\t\t\t<\/div>\n\t\t","protected":false},"excerpt":{"rendered":"<p>GOOGLE PLAY (ANDROID) APP STORE (iOS) L&#8217;applicazione mobile Audibook consente di riprodurre audiolibri su dispositivi mobili iOS o Android. La piattaforma offre audiolibri in sloveno, croato, inglese e tedesco. Per [&hellip;]<\/p>\n","protected":false},"author":11,"featured_media":0,"parent":0,"menu_order":0,"comment_status":"closed","ping_status":"closed","template":"","meta":{"_acf_changed":false,"cybocfi_hide_featured_image":"","footnotes":""},"class_list":["post-21021","page","type-page","status-publish","hentry"],"acf":[],"_links":{"self":[{"href":"https:\/\/knjiznica.it\/it\/wp-json\/wp\/v2\/pages\/21021","targetHints":{"allow":["GET"]}}],"collection":[{"href":"https:\/\/knjiznica.it\/it\/wp-json\/wp\/v2\/pages"}],"about":[{"href":"https:\/\/knjiznica.it\/it\/wp-json\/wp\/v2\/types\/page"}],"author":[{"embeddable":true,"href":"https:\/\/knjiznica.it\/it\/wp-json\/wp\/v2\/users\/11"}],"replies":[{"embeddable":true,"href":"https:\/\/knjiznica.it\/it\/wp-json\/wp\/v2\/comments?post=21021"}],"version-history":[{"count":8,"href":"https:\/\/knjiznica.it\/it\/wp-json\/wp\/v2\/pages\/21021\/revisions"}],"predecessor-version":[{"id":21127,"href":"https:\/\/knjiznica.it\/it\/wp-json\/wp\/v2\/pages\/21021\/revisions\/21127"}],"wp:attachment":[{"href":"https:\/\/knjiznica.it\/it\/wp-json\/wp\/v2\/media?parent=21021"}],"curies":[{"name":"wp","href":"https:\/\/api.w.org\/{rel}","templated":true}]}}