{"id":5345,"date":"2021-02-17T10:49:18","date_gmt":"2021-02-17T09:49:18","guid":{"rendered":"http:\/\/knjiznica.peproject.com\/?page_id=5345"},"modified":"2024-08-26T15:18:35","modified_gmt":"2024-08-26T13:18:35","slug":"consultazione-prestito","status":"publish","type":"page","link":"https:\/\/knjiznica.it\/it\/i-nostri-servizi\/consultazione-prestito\/","title":{"rendered":"Prenotazione, prestito e restituzione materiale"},"content":{"rendered":"\t\t<div data-elementor-type=\"wp-page\" data-elementor-id=\"5345\" class=\"elementor elementor-5345 elementor-3368\" data-elementor-post-type=\"page\">\n\t\t\t\t\t\t<section class=\"elementor-section elementor-top-section elementor-element elementor-element-f460f8b elementor-section-boxed elementor-section-height-default elementor-section-height-default\" data-id=\"f460f8b\" data-element_type=\"section\">\n\t\t\t\t\t\t<div class=\"elementor-container elementor-column-gap-default\">\n\t\t\t\t\t<div class=\"elementor-column elementor-col-100 elementor-top-column elementor-element elementor-element-a60c935\" data-id=\"a60c935\" data-element_type=\"column\">\n\t\t\t<div class=\"elementor-widget-wrap elementor-element-populated\">\n\t\t\t\t\t\t<div class=\"elementor-element elementor-element-6c89727 elementor-widget__width-initial elementor-widget elementor-widget-text-editor\" data-id=\"6c89727\" data-element_type=\"widget\" data-widget_type=\"text-editor.default\">\n\t\t\t\t<div class=\"elementor-widget-container\">\n\t\t\t\t\t\t\t<p><span style=\"font-size: 14pt; color: #993366;\"><strong><span style=\"font-family: helvetica, arial, sans-serif;\">MOJ COBISS<br \/><\/span><\/strong><\/span><span style=\"font-family: helvetica, arial, sans-serif; font-size: 12pt;\">Con il numero tessera e la password (acquisiti al momento dell&#8217;iscrizione in biblioteca) potete registrarvi al profilo Moj COBISS e accedere al servizio Moja knji\u017enica che permette di prenotare e prorogare la scadenza del materiale in prestito.<\/span><\/p><p>\u00a0<\/p>\t\t\t\t\t\t<\/div>\n\t\t\t\t<\/div>\n\t\t\t\t<div class=\"elementor-element elementor-element-9777f71 elementor-align-center elementor-widget elementor-widget-button\" data-id=\"9777f71\" data-element_type=\"widget\" data-widget_type=\"button.default\">\n\t\t\t\t<div class=\"elementor-widget-container\">\n\t\t\t\t\t<div class=\"elementor-button-wrapper\">\n\t\t\t<a class=\"elementor-button elementor-button-link elementor-size-sm\" href=\"https:\/\/plus.cobiss.net\/cobiss\/si\/sl\/user\/login?redirect=\/bib\/search\">\n\t\t\t\t\t\t<span class=\"elementor-button-content-wrapper\">\n\t\t\t\t\t\t<span class=\"elementor-button-text\">ACCEDI A MOJ COBISS<\/span>\n\t\t<\/span>\n\t\t\t\t\t<\/a>\n\t\t<\/div>\n\t\t\t\t<\/div>\n\t\t\t\t<\/div>\n\t\t\t\t<div class=\"elementor-element elementor-element-278e69b elementor-widget elementor-widget-text-editor\" data-id=\"278e69b\" data-element_type=\"widget\" data-widget_type=\"text-editor.default\">\n\t\t\t\t<div class=\"elementor-widget-container\">\n\t\t\t\t\t\t\t<p><br \/><span style=\"font-size: 14pt; color: #993366;\"><strong><span style=\"font-family: helvetica, arial, sans-serif;\">PRENOTAZIONE<\/span><\/strong><\/span><br \/><span style=\"font-family: helvetica, arial, sans-serif; font-size: 12pt;\">Tutte le opere ammesse al prestito o alla consultazione sono prenotabili. La prenotazione pu\u00f2 essere effettuata anche telefonicamente, via e-mail o dal profilo Moj Cobiss. Ogni iscritto pu\u00f2 attivare fino a un massimo di 5 prenotazioni contemporaneamente. La biblioteca informer\u00e0 l\u2019utente della disponibilit\u00e0 dell\u2019opera prenotata che rester\u00e0 a disposizione del richiedente per 7 giorni.<\/span><\/p><p>\u00a0<\/p><p><span style=\"color: #993366; font-size: 14pt;\"><strong><span style=\"font-family: helvetica, arial, sans-serif;\">PRESTITO<\/span><\/strong><\/span><br \/><span style=\"font-family: helvetica, arial, sans-serif; font-size: 12pt;\">La scadenza del prestito varia a seconda del materiale:<\/span><\/p><table style=\"border-collapse: collapse; width: 100%; height: 74px;\"><tbody><tr style=\"height: 24px;\"><td style=\"width: 44.1748%; height: 24px;\"><span style=\"font-family: helvetica, arial, sans-serif; font-size: 12pt;\">LIBRI e CARTE GEOGRAFICHE<\/span><\/td><td style=\"width: 55.8252%; height: 24px;\"><span style=\"font-family: helvetica, arial, sans-serif; font-size: 12pt;\">30 gg<\/span><\/td><\/tr><tr style=\"height: 26px;\"><td style=\"width: 44.1748%; height: 26px;\"><span style=\"font-family: helvetica, arial, sans-serif; font-size: 12pt;\">MATERIALE AUDIOVISIVO<\/span><\/td><td style=\"width: 55.8252%; height: 26px;\"><span style=\"font-family: helvetica, arial, sans-serif; font-size: 12pt;\">14 gg<\/span><\/td><\/tr><tr style=\"height: 24px;\"><td style=\"width: 44.1748%; height: 24px;\"><span style=\"font-family: helvetica, arial, sans-serif; font-size: 12pt;\">PERIODICI<\/span><\/td><td style=\"width: 55.8252%; height: 24px;\"><span style=\"font-family: helvetica, arial, sans-serif; font-size: 12pt;\">7 gg<\/span><\/td><\/tr><\/tbody><\/table><p align=\"JUSTIFY\"><span style=\"color: #000000; font-family: helvetica, arial, sans-serif; font-size: 12pt;\">Al momento del prestito l&#8217;utente deve far notare al personale eventuali danni<span lang=\"it-IT\"> del<\/span> materiale librario <span lang=\"it-IT\">gi\u00e0 presenti<\/span>, in caso contrario ne risponder\u00e0 di persona. In caso di smarrimento o danneggiamento del materiale, l\u2019utente \u00e8 tenuto a sostituirlo con uno equivalente o a pagare i danni.<\/span><\/p><p align=\"JUSTIFY\"><span style=\"color: #000000; font-family: helvetica, arial, sans-serif; font-size: 12pt;\">Non \u00e8 consentito prestare il materiale a persone con le quali non si condivide lo stesso indirizzo di residenza, anche qualora essi siano a loro volta utenti registrati della Biblioteca.<\/span><\/p><p align=\"JUSTIFY\">\u00a0<\/p><p align=\"JUSTIFY\"><span style=\"font-size: 14pt; color: #993366;\"><strong><span style=\"font-family: helvetica, arial, sans-serif;\">PROROGA DEL PERIODO DI PRESTITO E RESTITUZIONE<br \/><\/span><\/strong><\/span><span style=\"color: #000000; font-family: helvetica, arial, sans-serif; font-size: 12pt;\">Con la firma del modulo d&#8217;iscrizione l&#8217;utente si impegna a rispettare i termini di restituzione del materiale preso in prestito. Il termine di restituzione pu\u00f2 essere prorogato <span lang=\"sl-SI\">massimo per due volte e <\/span>solo se il materiale non \u00e8 gi\u00e0 prenotato da altri utenti. La proroga pu\u00f2 essere effettuata anche per telefono, via e-mail o sul profilo Moj Cobiss. Il personale pu\u00f2 limitare o escludere la possibilit\u00e0 di prorogare il materiale che risulta particolarmente richiesto.<\/span><\/p><p align=\"JUSTIFY\"><span style=\"color: #000000; font-family: helvetica, arial, sans-serif; font-size: 12pt;\">Se l\u2019utente non rispetta i termini di restituzione, ricever\u00e0 prima due notifiche via e-mail e poi un sollecito per posta ordinaria. In questo caso l&#8217;utente \u00e8 tenuto a rimborsare le spese di invio. Fino alla restituzione dei libri, l&#8217;utente non potr\u00e0 prendere in prestito altro materiale e dopo il quarto sollecito gli si preclude anche ogni servizio bibliotecario.<\/span><\/p><p align=\"JUSTIFY\"><span style=\"color: #000000; font-family: helvetica, arial, sans-serif; font-size: 12pt;\">In caso di mancato rispetto del regolamento il personale adotter\u00e0 a propria discrezione gli opportuni provvedimenti.<\/span><\/p>\t\t\t\t\t\t<\/div>\n\t\t\t\t<\/div>\n\t\t\t\t\t<\/div>\n\t\t<\/div>\n\t\t\t\t\t<\/div>\n\t\t<\/section>\n\t\t\t\t<\/div>\n\t\t","protected":false},"excerpt":{"rendered":"<p>MOJ COBISS Con il numero tessera e la password (acquisiti al momento dell&#8217;iscrizione in biblioteca) potete registrarvi al profilo Moj COBISS e accedere al servizio Moja knji\u017enica che permette di [&hellip;]<\/p>\n","protected":false},"author":2,"featured_media":0,"parent":5311,"menu_order":0,"comment_status":"closed","ping_status":"closed","template":"","meta":{"_acf_changed":false,"cybocfi_hide_featured_image":"","footnotes":""},"class_list":["post-5345","page","type-page","status-publish","hentry"],"acf":[],"_links":{"self":[{"href":"https:\/\/knjiznica.it\/it\/wp-json\/wp\/v2\/pages\/5345","targetHints":{"allow":["GET"]}}],"collection":[{"href":"https:\/\/knjiznica.it\/it\/wp-json\/wp\/v2\/pages"}],"about":[{"href":"https:\/\/knjiznica.it\/it\/wp-json\/wp\/v2\/types\/page"}],"author":[{"embeddable":true,"href":"https:\/\/knjiznica.it\/it\/wp-json\/wp\/v2\/users\/2"}],"replies":[{"embeddable":true,"href":"https:\/\/knjiznica.it\/it\/wp-json\/wp\/v2\/comments?post=5345"}],"version-history":[{"count":43,"href":"https:\/\/knjiznica.it\/it\/wp-json\/wp\/v2\/pages\/5345\/revisions"}],"predecessor-version":[{"id":22718,"href":"https:\/\/knjiznica.it\/it\/wp-json\/wp\/v2\/pages\/5345\/revisions\/22718"}],"up":[{"embeddable":true,"href":"https:\/\/knjiznica.it\/it\/wp-json\/wp\/v2\/pages\/5311"}],"wp:attachment":[{"href":"https:\/\/knjiznica.it\/it\/wp-json\/wp\/v2\/media?parent=5345"}],"curies":[{"name":"wp","href":"https:\/\/api.w.org\/{rel}","templated":true}]}}