{"id":5362,"date":"2021-02-17T11:16:42","date_gmt":"2021-02-17T10:16:42","guid":{"rendered":"http:\/\/knjiznica.peproject.com\/?page_id=5362"},"modified":"2024-08-26T15:11:16","modified_gmt":"2024-08-26T13:11:16","slug":"prestito-interbibliotecario","status":"publish","type":"page","link":"https:\/\/knjiznica.it\/it\/i-nostri-servizi\/prestito-interbibliotecario\/","title":{"rendered":"Servizi interbibliotecari"},"content":{"rendered":"\t\t<div data-elementor-type=\"wp-page\" data-elementor-id=\"5362\" class=\"elementor elementor-5362 elementor-3351\" data-elementor-post-type=\"page\">\n\t\t\t\t\t\t<section class=\"elementor-section elementor-top-section elementor-element elementor-element-feea0f9 elementor-section-boxed elementor-section-height-default elementor-section-height-default\" data-id=\"feea0f9\" data-element_type=\"section\">\n\t\t\t\t\t\t<div class=\"elementor-container elementor-column-gap-default\">\n\t\t\t\t\t<div class=\"elementor-column elementor-col-100 elementor-top-column elementor-element elementor-element-7e9554b\" data-id=\"7e9554b\" data-element_type=\"column\">\n\t\t\t<div class=\"elementor-widget-wrap elementor-element-populated\">\n\t\t\t\t\t\t<div class=\"elementor-element elementor-element-8a66021 elementor-widget elementor-widget-text-editor\" data-id=\"8a66021\" data-element_type=\"widget\" data-widget_type=\"text-editor.default\">\n\t\t\t\t<div class=\"elementor-widget-container\">\n\t\t\t\t\t\t\t<p align=\"JUSTIFY\"><span style=\"color: #000000; font-family: helvetica, arial, sans-serif; font-size: 12pt;\"><span style=\"font-size: 14pt; color: #993366;\"><strong>TRA LE SEDI DELLA BIBLIOTECA<\/strong><\/span><br \/><\/span><span style=\"font-family: helvetica, arial, sans-serif; font-size: 12pt;\"><span style=\"color: #000000;\">Gli utenti hanno la possibilit\u00e0 di usufruire gratuitamente del prestito interbibliotecario tra le sedi della N\u0160K &#8211; BNS. G<\/span><span style=\"color: #000000;\"><span lang=\"sl-SI\">li utenti che usano il sistema Moj Cobiss possono scegliere la sede di ritiro del materiale prenotato. Ci\u00f2 significa che un utente pu\u00f2, ad esempio, prenotare il materiale dalla sede di Trieste e ritirarlo nella sede di Gorizia. Il materiale pu<\/span><\/span><span style=\"color: #000000;\"><span lang=\"it-IT\">\u00f2 <\/span><\/span><span style=\"color: #000000;\"><span lang=\"sl-SI\">essere poi reso in qualsiasi sede della N\u0160K \u2013 BNS. <\/span><\/span><\/span><\/p><p align=\"JUSTIFY\">\u00a0<\/p><p align=\"JUSTIFY\"><span style=\"color: #993366; font-size: 14pt;\"><strong><span style=\"font-family: helvetica, arial, sans-serif;\">CON LA BIBLIOTECA CENTRALE SRE\u010cKO VILHAR DI KOPER &#8211; CAPODISTRIA<br \/><\/span><\/strong><\/span><span style=\"font-family: helvetica, arial, sans-serif; font-size: 12pt;\"><span style=\"color: #000000;\">La Biblioteca Nazionale Slovena e degli Studi e la Biblioteca centrale <\/span><span style=\"color: #000000;\"><i>Sre\u010dko Vilhar<\/i><\/span><span style=\"color: #000000;\"> di Koper &#8211; Capodistria hanno un accordo di collaborazione che consente agli utenti delle due Biblioteche l\u2019accesso gratuito ai servizi di entrambe. <\/span><span style=\"color: #000000;\"><span lang=\"sl-SI\">Gli utenti della N\u0160K possono richiedere gratuitamente anche l&#8217;iscrizione alla Biblioteca Vilhar che <\/span><\/span><span style=\"color: #000000;\">consentir\u00e0 loro di accedere gratuitamente a varie risorse digitali fornite dalla biblioteca di Capodistria, tra cui la piattaforma Cobiss Ela per la lettura degli e-book, l&#8217;app Pressreader per la lettura di giornali e riviste di tutto il mondo e l&#8217;app Audibook per l&#8217;ascolto di audiolibri sloveni.<\/span><\/span><\/p><p align=\"JUSTIFY\"><span style=\"color: #000000; font-family: helvetica, arial, sans-serif; font-size: 12pt;\">Tra le due biblioteche \u00e8 attivo anche un servizio di prestito interbibliotecario gratuito. La durata del prestito \u00e8 di 20 giorni, senza possibilit\u00e0 di proroga.<\/span><\/p><p align=\"JUSTIFY\">\u00a0<\/p><p align=\"JUSTIFY\"><span style=\"color: #993366; font-size: 14pt;\"><strong><span style=\"font-family: helvetica, arial, sans-serif;\">CON LA GORI\u0160KA KNJI\u017dNICA FRANCETA BEVKA DI NOVA GORICA<br \/><\/span><\/strong><\/span><span style=\"color: #000000; font-family: helvetica, arial, sans-serif; font-size: 12pt;\">L\u2019accordo tra la Biblioteca Feigel e la Biblioteca Bevk consente ai lettori della Biblioteca Feigel di accedere gratuitamente a varie risorse digitali fornite dalla Biblioteca Bevk, tra cui la piattaforma Cobiss Ela per la lettura degli e-book, l&#8217;app Pressreader per la lettura di giornali e riviste da tutto il mondo, e l&#8217;app Audibook per l&#8217;ascolto di audiolibri sloveni.<\/span><\/p><p align=\"JUSTIFY\"><span style=\"font-family: helvetica, arial, sans-serif; font-size: 12pt;\"><span style=\"color: #000000;\">Gli utenti della Biblioteca Damir <\/span><span style=\"color: #000000;\"><span lang=\"sl-SI\">Feigel<\/span><\/span><span style=\"color: #000000;\"> che desiderano usufruire di altri servizi della Biblioteca <\/span><span style=\"color: #000000;\"><span lang=\"sl-SI\">di Nova Gorica<\/span><\/span><span style=\"color: #000000;\"> hanno diritto a uno sconto speciale sulla quota d&#8217;iscrizione annuale della Gori\u0161ka knji\u017enica Franceta Bevka.<\/span><\/span><\/p><p align=\"JUSTIFY\">\u00a0<\/p><p align=\"JUSTIFY\"><span style=\"color: #000000; font-family: helvetica, arial, sans-serif; font-size: 12pt;\"><span style=\"font-size: 14pt; color: #993366;\"><strong>CON ALTRE BIBLIOTECHE SLOVENE<\/strong><\/span><br \/><\/span><span style=\"font-family: helvetica, arial, sans-serif; font-size: 12pt;\"><span style=\"color: #000000;\">Se la N<\/span><span style=\"color: #000000;\"><span lang=\"sl-SI\">\u0160K<\/span><\/span><span style=\"color: #000000;\"> non dispone del materiale richiesto dall\u2019utente \u00e8 possibile richiederlo a un\u2019altra biblioteca slovena. La durata del prestito \u00e8 stabilita dalla biblioteca di provenienza ma senza la possibilit\u00e0 di <\/span><span style=\"color: #000000;\"><span lang=\"sl-SI\">proroga<\/span><\/span><span style=\"color: #000000;\">. L\u2019utente si impegna a rispettare i diritti d\u2019autore e a pagare tutte le spese derivanti dal prestito interbibliotecario anche in caso di mancato ritiro del materiale richiesto.<\/span><\/span><\/p><p align=\"JUSTIFY\">\u00a0<\/p><p align=\"JUSTIFY\"><span style=\"font-size: 14pt; color: #993366;\"><strong><span style=\"font-family: helvetica, arial, sans-serif;\">SISTEMA <span lang=\"sl-SI\">BiblioGO<br \/><\/span><\/span><\/strong><\/span><span style=\"color: #000000; font-family: helvetica, arial, sans-serif; font-size: 12pt;\">Tra la Biblioteca Feigel e le biblioteche del Sistema BiblioGO \u00e8 attivo il servizio di prestito interbibliotecario gratuito. Per accedere al servizio \u00e8 necessario attivare la tessera gratuita del Sistema bibliotecario Isontino che potr\u00e0 essere richiesta presso la sede di Gorizia. Il materiale librario viene recapitato una volta alla settimana (il luned\u00ec). Per il ritiro l\u2019utente viene avvisato tramite sms o e-mai. La restituzione pu\u00f2 avvenire in qualsiasi biblioteca aderente al sistema senza alcun preavviso.<\/span><\/p><p align=\"JUSTIFY\"><span style=\"font-family: helvetica, arial, sans-serif; font-size: 12pt;\"><span style=\"color: #000000;\">Il catalogo, il regolamento, il modulo d\u2019iscrizione e la normativa sulla privacy sono disponibili sul<\/span> <a href=\"https:\/\/bibliogo.ccm.it\/\" target=\"_blank\" rel=\"noopener\">sito del sistema bibliotecario biblioGO<\/a>.<\/span><\/p>\t\t\t\t\t\t<\/div>\n\t\t\t\t<\/div>\n\t\t\t\t\t<\/div>\n\t\t<\/div>\n\t\t\t\t\t<\/div>\n\t\t<\/section>\n\t\t\t\t<\/div>\n\t\t","protected":false},"excerpt":{"rendered":"<p>TRA LE SEDI DELLA BIBLIOTECAGli utenti hanno la possibilit\u00e0 di usufruire gratuitamente del prestito interbibliotecario tra le sedi della N\u0160K &#8211; BNS. Gli utenti che usano il sistema Moj Cobiss [&hellip;]<\/p>\n","protected":false},"author":2,"featured_media":0,"parent":5311,"menu_order":0,"comment_status":"closed","ping_status":"closed","template":"","meta":{"_acf_changed":false,"cybocfi_hide_featured_image":"","footnotes":""},"class_list":["post-5362","page","type-page","status-publish","hentry"],"acf":[],"_links":{"self":[{"href":"https:\/\/knjiznica.it\/it\/wp-json\/wp\/v2\/pages\/5362","targetHints":{"allow":["GET"]}}],"collection":[{"href":"https:\/\/knjiznica.it\/it\/wp-json\/wp\/v2\/pages"}],"about":[{"href":"https:\/\/knjiznica.it\/it\/wp-json\/wp\/v2\/types\/page"}],"author":[{"embeddable":true,"href":"https:\/\/knjiznica.it\/it\/wp-json\/wp\/v2\/users\/2"}],"replies":[{"embeddable":true,"href":"https:\/\/knjiznica.it\/it\/wp-json\/wp\/v2\/comments?post=5362"}],"version-history":[{"count":33,"href":"https:\/\/knjiznica.it\/it\/wp-json\/wp\/v2\/pages\/5362\/revisions"}],"predecessor-version":[{"id":22675,"href":"https:\/\/knjiznica.it\/it\/wp-json\/wp\/v2\/pages\/5362\/revisions\/22675"}],"up":[{"embeddable":true,"href":"https:\/\/knjiznica.it\/it\/wp-json\/wp\/v2\/pages\/5311"}],"wp:attachment":[{"href":"https:\/\/knjiznica.it\/it\/wp-json\/wp\/v2\/media?parent=5362"}],"curies":[{"name":"wp","href":"https:\/\/api.w.org\/{rel}","templated":true}]}}