{"id":5393,"date":"2021-02-17T11:48:21","date_gmt":"2021-02-17T10:48:21","guid":{"rendered":"http:\/\/knjiznica.peproject.com\/?page_id=5393"},"modified":"2021-04-21T13:49:23","modified_gmt":"2021-04-21T11:49:23","slug":"comitato-per-le-onoranze-degli-eroi-di-basovizza","status":"publish","type":"page","link":"https:\/\/knjiznica.it\/it\/sezione-di-storia-ed-etnografia\/comitato-per-le-onoranze-degli-eroi-di-basovizza\/","title":{"rendered":"Comitato per le onoranze degli eroi di Basovizza"},"content":{"rendered":"\t\t<div data-elementor-type=\"wp-page\" data-elementor-id=\"5393\" class=\"elementor elementor-5393 elementor-3428\" data-elementor-post-type=\"page\">\n\t\t\t\t\t\t<section class=\"elementor-section elementor-top-section elementor-element elementor-element-7c0dee2 elementor-section-boxed elementor-section-height-default elementor-section-height-default\" data-id=\"7c0dee2\" data-element_type=\"section\">\n\t\t\t\t\t\t<div class=\"elementor-container elementor-column-gap-default\">\n\t\t\t\t\t<div class=\"elementor-column elementor-col-100 elementor-top-column elementor-element elementor-element-46b27e2\" data-id=\"46b27e2\" data-element_type=\"column\">\n\t\t\t<div class=\"elementor-widget-wrap elementor-element-populated\">\n\t\t\t\t\t\t<div class=\"elementor-element elementor-element-830e937 elementor-widget elementor-widget-text-editor\" data-id=\"830e937\" data-element_type=\"widget\" data-widget_type=\"text-editor.default\">\n\t\t\t\t<div class=\"elementor-widget-container\">\n\t\t\t\t\t\t\t<p><span style=\"font-family: helvetica, arial, sans-serif;\">Il <strong>Comitato per le onoranze degli eroi di Basovizza<\/strong> \u00e8 stato costituito nel luglio 1945. Con la sua fondazione la comunit\u00e0 slovena di Trieste ha voluto celebrare il ricordo di Ferdo Bidovec, Franjo Maru\u0161i\u010d, Zvonimir Milo\u0161 e Alojz Valen\u010di\u010d, condannati a morte dal Tribunale speciale per la difesa dello Stato di Trieste (Primo Processo di Trieste) e fucilati il 6 settembre 1930 al poligono di tiro di Basovizza. I quattro sono stati assurti a simbolo dell\u2019opposizione degli sloveni al fascismo.<\/span><\/p><p><span style=\"font-family: helvetica, arial, sans-serif;\">A partire dal settembre 1945 il monumento alle vittime di Basovizza \u00e8 teatro di una celebrazione commemorativa che si svolge la prima domenica dopo il 6 settembre. Dal 1997 in poi il Comitato opera in seno alla Biblioteca Nazionale Slovena e degli Studi con l\u2019intento di sottolineare soprattutto le componenti nazionali, culturali e storiche della commemorazione. Nel 1999 tale passaggio \u00e8 stato formalizzato con un atto notarile.<\/span><\/p><p><span style=\"font-family: helvetica, arial, sans-serif;\">Il comitato si occupa della conservazione del ricordo dei quattro eroi fucilati e della promozione dei valori antifascisti, che rappresentano un valore comune a livello europeo, per una cultura della pace e della convivenza.<\/span><\/p>\t\t\t\t\t\t<\/div>\n\t\t\t\t<\/div>\n\t\t\t\t\t<\/div>\n\t\t<\/div>\n\t\t\t\t\t<\/div>\n\t\t<\/section>\n\t\t\t\t<\/div>\n\t\t","protected":false},"excerpt":{"rendered":"<p>Il Comitato per le onoranze degli eroi di Basovizza \u00e8 stato costituito nel luglio 1945. Con la sua fondazione la comunit\u00e0 slovena di Trieste ha voluto celebrare il ricordo di [&hellip;]<\/p>\n","protected":false},"author":2,"featured_media":0,"parent":5308,"menu_order":0,"comment_status":"closed","ping_status":"closed","template":"","meta":{"_acf_changed":false,"cybocfi_hide_featured_image":"","footnotes":""},"class_list":["post-5393","page","type-page","status-publish","hentry"],"acf":[],"_links":{"self":[{"href":"https:\/\/knjiznica.it\/it\/wp-json\/wp\/v2\/pages\/5393","targetHints":{"allow":["GET"]}}],"collection":[{"href":"https:\/\/knjiznica.it\/it\/wp-json\/wp\/v2\/pages"}],"about":[{"href":"https:\/\/knjiznica.it\/it\/wp-json\/wp\/v2\/types\/page"}],"author":[{"embeddable":true,"href":"https:\/\/knjiznica.it\/it\/wp-json\/wp\/v2\/users\/2"}],"replies":[{"embeddable":true,"href":"https:\/\/knjiznica.it\/it\/wp-json\/wp\/v2\/comments?post=5393"}],"version-history":[{"count":4,"href":"https:\/\/knjiznica.it\/it\/wp-json\/wp\/v2\/pages\/5393\/revisions"}],"predecessor-version":[{"id":6495,"href":"https:\/\/knjiznica.it\/it\/wp-json\/wp\/v2\/pages\/5393\/revisions\/6495"}],"up":[{"embeddable":true,"href":"https:\/\/knjiznica.it\/it\/wp-json\/wp\/v2\/pages\/5308"}],"wp:attachment":[{"href":"https:\/\/knjiznica.it\/it\/wp-json\/wp\/v2\/media?parent=5393"}],"curies":[{"name":"wp","href":"https:\/\/api.w.org\/{rel}","templated":true}]}}