{"id":5402,"date":"2021-02-17T11:50:24","date_gmt":"2021-02-17T10:50:24","guid":{"rendered":"http:\/\/knjiznica.peproject.com\/?page_id=5402"},"modified":"2024-09-24T16:20:55","modified_gmt":"2024-09-24T14:20:55","slug":"regolamento-della-sezione","status":"publish","type":"page","link":"https:\/\/knjiznica.it\/it\/sezione-di-storia-ed-etnografia\/regolamento-della-sezione\/","title":{"rendered":"Regolamento della sezione"},"content":{"rendered":"\t\t<div data-elementor-type=\"wp-page\" data-elementor-id=\"5402\" class=\"elementor elementor-5402 elementor-3414\" data-elementor-post-type=\"page\">\n\t\t\t\t\t\t<section class=\"elementor-section elementor-top-section elementor-element elementor-element-a700945 elementor-section-boxed elementor-section-height-default elementor-section-height-default\" data-id=\"a700945\" data-element_type=\"section\">\n\t\t\t\t\t\t<div class=\"elementor-container elementor-column-gap-default\">\n\t\t\t\t\t<div class=\"elementor-column elementor-col-100 elementor-top-column elementor-element elementor-element-53a549d\" data-id=\"53a549d\" data-element_type=\"column\">\n\t\t\t<div class=\"elementor-widget-wrap elementor-element-populated\">\n\t\t\t\t\t\t<div class=\"elementor-element elementor-element-bf77889 elementor-widget elementor-widget-text-editor\" data-id=\"bf77889\" data-element_type=\"widget\" data-widget_type=\"text-editor.default\">\n\t\t\t\t<div class=\"elementor-widget-container\">\n\t\t\t\t\t\t\t<p><span style=\"font-family: helvetica, arial, sans-serif; font-size: 12pt;\">La Sezione di storia ed etnografia (OZE) raccoglie, cataloga e conserva documenti di natura storica, geografica, etnologica, economica, sociale e culturale relativi alla comunit\u00e0 slovena in Italia. L\u2019archivio OZE \u00e8 tutelato dalla Soprintendenza archivistica del Friuli Venezia Giulia in quanto fondo archivistico di notevole interesse storico ed \u00e8 pertanto soggetto al decreto legislativo n. 490 del 29.10.1999.<\/span><br \/><span style=\"font-family: helvetica, arial, sans-serif; font-size: 12pt;\">La documentazione \u00e8 disponibile per finalit\u00e0 culturali, di ricerca, ufficiali, commerciali e personali presso la sede della Sezione di storia ed etnografia che conserva le seguenti tipologie di documenti:<\/span><br \/><span style=\"font-family: helvetica, arial, sans-serif; font-size: 12pt;\">archivi di associazioni o enti della comunit\u00e0 slovena in Italia;<\/span><br \/><span style=\"font-family: helvetica, arial, sans-serif; font-size: 12pt;\">fondi archivistici personali;<\/span><br \/><span style=\"font-family: helvetica, arial, sans-serif; font-size: 12pt;\">documentazione su personalit\u00e0 di rilievo della comunit\u00e0 slovena in Italia.<\/span><\/p><p><span style=\"color: #993366; font-size: 14pt;\"><strong><span style=\"font-family: helvetica, arial, sans-serif;\">DONAZIONE DEL MATERIALE<\/span><\/strong><\/span><br \/><span style=\"font-family: helvetica, arial, sans-serif; font-size: 12pt;\">Chiunque pu\u00f2 fornire all&#8217;OZE documenti e altro materiale archivistico. Il proprietario del materiale ha diverse opzioni:<\/span><br \/><span style=\"font-family: helvetica, arial, sans-serif; font-size: 12pt;\">donare il materiale e rinunciare alla propriet\u00e0;<\/span><br \/><span style=\"font-family: helvetica, arial, sans-serif; font-size: 12pt;\">rimanere il proprietario del materiale e consegnarlo in deposito a lungo termine all&#8217;OZE che lo catalogher\u00e0 e lo metter\u00e0 a disposizione dei suoi utenti;<\/span><br \/><span style=\"font-family: helvetica, arial, sans-serif; font-size: 12pt;\">rimanere proprietario del materiale e consentire all&#8217;OZE che lo cataloghi e ne faccia una copia, mettendola a disposizione degli utenti, restituendo il materiale originale al proprietario.<\/span><br \/><span style=\"font-family: helvetica, arial, sans-serif; font-size: 12pt;\">L&#8217;OZE si riserva il diritto di accettare o rifiutare eventuali condizioni aggiuntive del proprietario.<\/span><\/p>\t\t\t\t\t\t<\/div>\n\t\t\t\t<\/div>\n\t\t\t\t\t<\/div>\n\t\t<\/div>\n\t\t\t\t\t<\/div>\n\t\t<\/section>\n\t\t\t\t<section class=\"elementor-section elementor-top-section elementor-element elementor-element-e5ca1c5 elementor-section-boxed elementor-section-height-default elementor-section-height-default\" data-id=\"e5ca1c5\" data-element_type=\"section\">\n\t\t\t\t\t\t<div class=\"elementor-container elementor-column-gap-default\">\n\t\t\t\t\t<div class=\"elementor-column elementor-col-50 elementor-top-column elementor-element elementor-element-4ebf28e\" data-id=\"4ebf28e\" data-element_type=\"column\">\n\t\t\t<div class=\"elementor-widget-wrap elementor-element-populated\">\n\t\t\t\t\t\t<div class=\"elementor-element elementor-element-757a884 elementor-widget elementor-widget-text-editor\" data-id=\"757a884\" data-element_type=\"widget\" data-widget_type=\"text-editor.default\">\n\t\t\t\t<div class=\"elementor-widget-container\">\n\t\t\t\t\t\t\t<p><strong><span style=\"font-family: helvetica, arial, sans-serif; font-size: 14pt; color: #993366;\">PRENOTAZIONE DEL MATERIALE D\u2019ARCHIVIO<\/span><\/strong><br \/><span style=\"font-family: helvetica, arial, sans-serif; font-size: 12pt;\">Il materiale non \u00e8 accessibile liberamente e deve essere prenotato. L&#8217;archivio \u00e8 consultabile previa richiesta scritta. I richiedenti devono compilare il modulo disponibile sul sito www.knjiznica.it e inviarlo a odsek@knjiznica.it. In base alla richiesta, il personale preparer\u00e0 il materiale e comunicher\u00e0 al richiedente la data per la consultazione. Se l&#8217;utente non si presenta all&#8217;appuntamento e non avvisa del suo mancato arrivo, il materiale verr\u00e0 riposto nel deposito il giorno successivo e la prenotazione sar\u00e0 annullata. In caso di ripetute assenze senza preavviso, il personale si riserva il diritto di rifiutare nuove richieste di consultazione.<\/span><br \/><span style=\"font-family: helvetica, arial, sans-serif; font-size: 12pt;\">L&#8217;utente pu\u00f2 consultare gratuitamente il materiale prenotato in sala lettura, dove avr\u00e0 a disposizione anche strumenti aggiuntivi quali inventari, cataloghi, elenchi ecc.. Gli originali sono disponibili solo per la consultazione in sala e non possono essere prestati a domicilio. Durante la consultazione gli utenti possono utilizzare solo gli strumenti strettamente necessari (carta, penna, computer\u2026). <\/span><br \/><span style=\"font-family: helvetica, arial, sans-serif; font-size: 12pt;\">Gli originali vengono concessi in prestito solo in casi eccezionali quali mostre o progetti di particolare interesse pubblico. In tali casi sar\u00e0 redatto un contratto, secondo cui il richiedente si prende cura del materiale e ne avr\u00e0 la responsabilit\u00e0 per il periodo richiesto e dovr\u00e0 stipulare un&#8217;adeguata assicurazione, come previsto dalla Sovrintendenza Archivistica del Friuli Venezia Giulia (d.lgs. 42\/2004 &#8211; Codice dei beni culturali e del paesaggio).<\/span><\/p>\t\t\t\t\t\t<\/div>\n\t\t\t\t<\/div>\n\t\t\t\t\t<\/div>\n\t\t<\/div>\n\t\t\t\t<div class=\"elementor-column elementor-col-50 elementor-top-column elementor-element elementor-element-d52ae12\" data-id=\"d52ae12\" data-element_type=\"column\">\n\t\t\t<div class=\"elementor-widget-wrap elementor-element-populated\">\n\t\t\t\t\t\t<div class=\"elementor-element elementor-element-6563a9e elementor-view-default elementor-position-top elementor-mobile-position-top elementor-widget elementor-widget-icon-box\" data-id=\"6563a9e\" data-element_type=\"widget\" data-widget_type=\"icon-box.default\">\n\t\t\t\t<div class=\"elementor-widget-container\">\n\t\t\t\t\t<div class=\"elementor-icon-box-wrapper\">\n\t\t\t\t\t\t<div class=\"elementor-icon-box-icon\">\n\t\t\t\t<a href=\"https:\/\/knjiznica.it\/wp-content\/uploads\/2024\/09\/narocilnica_ita.pdf\" class=\"elementor-icon elementor-animation-\" tabindex=\"-1\">\n\t\t\t\t<i aria-hidden=\"true\" class=\"far fa-file-pdf\"><\/i>\t\t\t\t<\/a>\n\t\t\t<\/div>\n\t\t\t\t\t\t<div class=\"elementor-icon-box-content\">\n\t\t\t\t<h3 class=\"elementor-icon-box-title\">\n\t\t\t\t\t<a href=\"https:\/\/knjiznica.it\/wp-content\/uploads\/2024\/09\/narocilnica_ita.pdf\" >\n\t\t\t\t\t\tMODULO DI RICHIESTA DEL MATERIALE (PDF)\t\t\t\t\t<\/a>\n\t\t\t\t<\/h3>\n\t\t\t\t\t\t\t<\/div>\n\t\t<\/div>\n\t\t\t\t<\/div>\n\t\t\t\t<\/div>\n\t\t\t\t\t<\/div>\n\t\t<\/div>\n\t\t\t\t\t<\/div>\n\t\t<\/section>\n\t\t\t\t<section class=\"elementor-section elementor-top-section elementor-element elementor-element-b2ead4b elementor-section-boxed elementor-section-height-default elementor-section-height-default\" data-id=\"b2ead4b\" data-element_type=\"section\">\n\t\t\t\t\t\t<div class=\"elementor-container elementor-column-gap-default\">\n\t\t\t\t\t<div class=\"elementor-column elementor-col-100 elementor-top-column elementor-element elementor-element-9d690fc\" data-id=\"9d690fc\" data-element_type=\"column\">\n\t\t\t<div class=\"elementor-widget-wrap elementor-element-populated\">\n\t\t\t\t\t\t<div class=\"elementor-element elementor-element-a81efc5 elementor-widget elementor-widget-text-editor\" data-id=\"a81efc5\" data-element_type=\"widget\" data-widget_type=\"text-editor.default\">\n\t\t\t\t<div class=\"elementor-widget-container\">\n\t\t\t\t\t\t\t<p align=\"JUSTIFY\"><span style=\"font-family: helvetica, arial, sans-serif; font-size: 12pt;\"><b><span style=\"color: #993366; font-size: 14pt;\">ISTRUZIONI PER LA MANIPOLAZIONE DEL MATERIALE<\/span><br \/><\/b>Gli utenti possono consultare tutti i fondi conservati presso la Sezione di storia ed etnografia ad eccezione del materiale soggetto a vincoli. Il personale pu\u00f2 limitare l&#8217;uso di materiale danneggiato o non ancora catalogato. In alcuni casi, per preservare i documenti originali, sono disponibili solo le loro copie.<\/span><\/p><p align=\"JUSTIFY\"><span style=\"font-family: helvetica, arial, sans-serif; font-size: 12pt;\">Gli utenti possono richiedere fino a 5 unit\u00e0 archivistiche al giorno. Per unit\u00e0 archivistica si intende fascicolo, scatola, volume, mappa, filza o altra unit\u00e0 elementare. L\u2019utente pu\u00f2 consultare un\u2019unit\u00e0 archivistica alla volta. Il materiale deve essere manipolato secondo le istruzioni del personale, per garantire il mantenimento della sua integrit\u00e0 e prevenire possibili danni. Se l&#8217;utente danneggia il materiale, ne risponde di persona e dovr\u00e0 sostenere i costi di restauro o conservazione. Il personale potr\u00e0, in alcuni casi, negare l&#8217;ulteriore utilizzo del materiale.<\/span><\/p><p align=\"JUSTIFY\"><span style=\"font-family: helvetica, arial, sans-serif; font-size: 12pt;\"><b><span style=\"font-size: 14pt; color: #993366;\">RIPRODUZIONE DEL MATERIALE<\/span><br \/><\/b>L&#8217;utente pu\u00f2 richiedere la riproduzione del materiale archivistico come al punto 2. Per garantire la preservazione dei documenti non \u00e8 permesso riprodurre:<\/span><\/p><ul><li><p align=\"JUSTIFY\"><span style=\"font-family: helvetica, arial, sans-serif; font-size: 12pt;\">fondi completi o la maggior parte di essi;<\/span><\/p><\/li><li><p align=\"JUSTIFY\"><span style=\"font-family: helvetica, arial, sans-serif; font-size: 12pt;\">inventari e schede descrittive;<\/span><\/p><\/li><li><p align=\"JUSTIFY\"><span style=\"font-family: helvetica, arial, sans-serif; font-size: 12pt;\">mappe catastali;<\/span><\/p><\/li><li><p align=\"JUSTIFY\"><span style=\"font-family: helvetica, arial, sans-serif; font-size: 12pt;\">progetti pi\u00f9 grandi del formato A3 o progetti su carta da lucido (\u00e8 permesso fotografarli),<\/span><\/p><\/li><li><p align=\"JUSTIFY\"><span style=\"font-family: helvetica, arial, sans-serif; font-size: 12pt;\">carte geografiche pi\u00f9 grandi del formato A3 (\u00e8 permesso fotografarli),<\/span><\/p><\/li><li><p align=\"JUSTIFY\"><span style=\"font-family: helvetica, arial, sans-serif; font-size: 12pt;\">atti<\/span><\/p><\/li><\/ul><p align=\"JUSTIFY\"><span style=\"font-family: helvetica, arial, sans-serif; font-size: 12pt;\">Il personale informer\u00e0 l&#8217;utente della disponibilit\u00e0 delle riproduzioni ordinate. Prima del ritiro o dell&#8217;invio delle scansioni \u00e8 necessario provvedere al pagamento dei costi di riproduzione. Per fotografare il materiale con la propria attrezzatura \u00e8 necessario ottenere il permesso del personale. Le immagini acquisite non potranno essere ulteriormente riprodotte.<\/span><\/p><p align=\"JUSTIFY\"><span style=\"font-family: helvetica, arial, sans-serif; font-size: 12pt;\"><span style=\"font-size: 14pt;\"><strong><span style=\"color: #993366;\">UTILIZZO DEL MATERIALE<\/span><\/strong><\/span><b><br \/><\/b><\/span><span style=\"font-family: helvetica, arial, sans-serif; font-size: 12pt;\">Il materiale ricevuto pu\u00f2 essere utilizzato solo per lo scopo per cui \u00e8 stato ottenuto il permesso. \u00c8 vietata l&#8217;ulteriore riproduzione del materiale o delle copie ricevute. Senza il consenso dell&#8217;OZE, il materiale non pu\u00f2 essere utilizzato per scopi commerciali.<\/span><\/p><p align=\"JUSTIFY\"><span style=\"font-family: helvetica, arial, sans-serif; font-size: 12pt;\">In caso di pubblicazione, esposizione o riproduzione di materiale, gli utenti devono indicare il nome della Sezione di storia ed etnografia della Biblioteca nazionale slovena e degli studi o l&#8217;abbreviazione OZE N\u0160K e il titolo del fondo archivistico.<\/span><\/p><p align=\"JUSTIFY\"><span style=\"font-family: helvetica, arial, sans-serif; font-size: 12pt;\">Coloro i quali utilizzano materiale documentario dell\u2019OZE per pubblicazioni si impegnano a consegnare all\u2019OZE almeno una copia del lavoro pubblicato, anche nel caso di articoli, estratti, tesi di laurea o di dottorato.<\/span><\/p>\t\t\t\t\t\t<\/div>\n\t\t\t\t<\/div>\n\t\t\t\t\t<\/div>\n\t\t<\/div>\n\t\t\t\t\t<\/div>\n\t\t<\/section>\n\t\t\t\t<section class=\"elementor-section elementor-top-section elementor-element elementor-element-0f3126c elementor-section-boxed elementor-section-height-default elementor-section-height-default\" data-id=\"0f3126c\" data-element_type=\"section\">\n\t\t\t\t\t\t<div class=\"elementor-container elementor-column-gap-default\">\n\t\t\t\t\t<div class=\"elementor-column elementor-col-50 elementor-top-column elementor-element elementor-element-37ded4c\" data-id=\"37ded4c\" data-element_type=\"column\">\n\t\t\t<div class=\"elementor-widget-wrap elementor-element-populated\">\n\t\t\t\t\t\t<div class=\"elementor-element elementor-element-0a45565 elementor-widget elementor-widget-text-editor\" data-id=\"0a45565\" data-element_type=\"widget\" data-widget_type=\"text-editor.default\">\n\t\t\t\t<div class=\"elementor-widget-container\">\n\t\t\t\t\t\t\t<p align=\"JUSTIFY\"><span style=\"font-family: helvetica, arial, sans-serif; font-size: 12pt;\"><span style=\"color: #993366;\"><strong><span style=\"font-size: 14pt;\">PROTEZIONE DEI DATI<\/span><\/strong><\/span><br \/>L&#8217;utente \u00e8 tenuto a rispettare la legislazione italiana vigente in materia di diritti d&#8217;autore e le norme sulla protezione dei dati personali ai sensi dell&#8217;art. 13 del Regolamento UE 2016\/679 e della legge n. 196\/2003 (Testo unico sulla protezione dei dati). L&#8217;utente \u00e8 personalmente responsabile dell&#8217;uso improprio e di ogni abuso di qualsiasi segretezza e dei dati ottenuti.<\/span><\/p><p align=\"JUSTIFY\"><span style=\"font-family: helvetica, arial, sans-serif; font-size: 12pt;\">L&#8217;OZE N\u0160K garantisce la riservatezza dei dati personali e del materiale preso in prestito. Maggiori informazioni sull&#8217;uso dei dati personali sono disponibili nel documento Informativa sul trattamento dei dati personali.<\/span><\/p>\t\t\t\t\t\t<\/div>\n\t\t\t\t<\/div>\n\t\t\t\t\t<\/div>\n\t\t<\/div>\n\t\t\t\t<div class=\"elementor-column elementor-col-50 elementor-top-column elementor-element elementor-element-1ed78cf\" data-id=\"1ed78cf\" data-element_type=\"column\">\n\t\t\t<div class=\"elementor-widget-wrap elementor-element-populated\">\n\t\t\t\t\t\t<div class=\"elementor-element elementor-element-5e85f82 elementor-view-default elementor-position-top elementor-mobile-position-top elementor-widget elementor-widget-icon-box\" data-id=\"5e85f82\" data-element_type=\"widget\" data-widget_type=\"icon-box.default\">\n\t\t\t\t<div class=\"elementor-widget-container\">\n\t\t\t\t\t<div class=\"elementor-icon-box-wrapper\">\n\t\t\t\t\t\t<div class=\"elementor-icon-box-icon\">\n\t\t\t\t<a href=\"https:\/\/knjiznica.it\/wp-content\/uploads\/2024\/07\/privacy_ita_3.pdf\" class=\"elementor-icon elementor-animation-\" tabindex=\"-1\">\n\t\t\t\t<i aria-hidden=\"true\" class=\"far fa-file-pdf\"><\/i>\t\t\t\t<\/a>\n\t\t\t<\/div>\n\t\t\t\t\t\t<div class=\"elementor-icon-box-content\">\n\t\t\t\t<h3 class=\"elementor-icon-box-title\">\n\t\t\t\t\t<a href=\"https:\/\/knjiznica.it\/wp-content\/uploads\/2024\/07\/privacy_ita_3.pdf\" >\n\t\t\t\t\t\tINFORMATIVA PRIVACY (PDF)\t\t\t\t\t<\/a>\n\t\t\t\t<\/h3>\n\t\t\t\t\t\t\t<\/div>\n\t\t<\/div>\n\t\t\t\t<\/div>\n\t\t\t\t<\/div>\n\t\t\t\t\t<\/div>\n\t\t<\/div>\n\t\t\t\t\t<\/div>\n\t\t<\/section>\n\t\t\t\t<\/div>\n\t\t","protected":false},"excerpt":{"rendered":"<p>La Sezione di storia ed etnografia (OZE) raccoglie, cataloga e conserva documenti di natura storica, geografica, etnologica, economica, sociale e culturale relativi alla comunit\u00e0 slovena in Italia. L\u2019archivio OZE \u00e8 [&hellip;]<\/p>\n","protected":false},"author":2,"featured_media":0,"parent":5308,"menu_order":0,"comment_status":"closed","ping_status":"closed","template":"","meta":{"_acf_changed":false,"cybocfi_hide_featured_image":"","footnotes":""},"class_list":["post-5402","page","type-page","status-publish","hentry"],"acf":[],"_links":{"self":[{"href":"https:\/\/knjiznica.it\/it\/wp-json\/wp\/v2\/pages\/5402","targetHints":{"allow":["GET"]}}],"collection":[{"href":"https:\/\/knjiznica.it\/it\/wp-json\/wp\/v2\/pages"}],"about":[{"href":"https:\/\/knjiznica.it\/it\/wp-json\/wp\/v2\/types\/page"}],"author":[{"embeddable":true,"href":"https:\/\/knjiznica.it\/it\/wp-json\/wp\/v2\/users\/2"}],"replies":[{"embeddable":true,"href":"https:\/\/knjiznica.it\/it\/wp-json\/wp\/v2\/comments?post=5402"}],"version-history":[{"count":13,"href":"https:\/\/knjiznica.it\/it\/wp-json\/wp\/v2\/pages\/5402\/revisions"}],"predecessor-version":[{"id":23309,"href":"https:\/\/knjiznica.it\/it\/wp-json\/wp\/v2\/pages\/5402\/revisions\/23309"}],"up":[{"embeddable":true,"href":"https:\/\/knjiznica.it\/it\/wp-json\/wp\/v2\/pages\/5308"}],"wp:attachment":[{"href":"https:\/\/knjiznica.it\/it\/wp-json\/wp\/v2\/media?parent=5402"}],"curies":[{"name":"wp","href":"https:\/\/api.w.org\/{rel}","templated":true}]}}