{"id":5575,"date":"2021-02-19T11:42:54","date_gmt":"2021-02-19T10:42:54","guid":{"rendered":"http:\/\/knjiznica.peproject.com\/?page_id=5575"},"modified":"2022-04-04T12:14:20","modified_gmt":"2022-04-04T10:14:20","slug":"audiofiabe","status":"publish","type":"page","link":"https:\/\/knjiznica.it\/it\/ragazzi\/bambini\/audiofiabe\/","title":{"rendered":"Poslu\u0161alke &#8211; le audiofiabe"},"content":{"rendered":"\t\t<div data-elementor-type=\"wp-page\" data-elementor-id=\"5575\" class=\"elementor elementor-5575 elementor-3823\" data-elementor-post-type=\"page\">\n\t\t\t\t\t\t<section class=\"elementor-section elementor-top-section elementor-element elementor-element-d55ee65 elementor-section-boxed elementor-section-height-default elementor-section-height-default\" data-id=\"d55ee65\" data-element_type=\"section\">\n\t\t\t\t\t\t<div class=\"elementor-container elementor-column-gap-default\">\n\t\t\t\t\t<div class=\"elementor-column elementor-col-100 elementor-top-column elementor-element elementor-element-d0359b2\" data-id=\"d0359b2\" data-element_type=\"column\">\n\t\t\t<div class=\"elementor-widget-wrap elementor-element-populated\">\n\t\t\t\t\t\t<div class=\"elementor-element elementor-element-1e88a43 elementor-widget elementor-widget-text-editor\" data-id=\"1e88a43\" data-element_type=\"widget\" data-widget_type=\"text-editor.default\">\n\t\t\t\t<div class=\"elementor-widget-container\">\n\t\t\t\t\t\t\t<p>I benefici che i bambini traggono dai libri sono molteplici: la lettura stimola la fantasia, facilita lo sviluppo cognitivo, contribuisce ad arricchire il bagaglio linguistico e, di conseguenza, aiuta ad esprimere pensieri ed emozioni con pi\u00f9 facilit\u00e0 e disinvoltura. Tutto ci\u00f2 rafforza l\u2019autostima e la capacit\u00e0 di concentrazione. Infatti, i bambini abituati alla lettura fin dalla pi\u00f9 tenera et\u00e0 risultano pi\u00f9 predisposti all\u2019apprendimento scolastico. Sarebbe auspicabile che l\u2019incontro con i libri avvenisse gi\u00e0 in et\u00e0 prescolare, rifugiandosi nel caldo abbraccio dei genitori per ascoltare i racconti. La lettura, infatti, rafforza anche il legame tra genitori e figli!<\/p><p>E se i genitori non sanno leggere in lingua slovena o se il bambino volesse ascoltare una fiaba, ma in quel momento gli adulti sono occupati in altre faccende? In tal caso vi proponiamo di ricorrere alle <strong>audiofiabe<\/strong>!<\/p><p>Nella nostra sezione di audiofiabe troverete <strong>fiabe, favole e racconti da leggere e ascoltare<\/strong>. I relativi libri sono muniti di <strong>QR code<\/strong>, attraverso i quali l\u2019accesso alla narrazione \u00e8 facile e veloce. Buon ascolto!<\/p>\t\t\t\t\t\t<\/div>\n\t\t\t\t<\/div>\n\t\t\t\t\t<\/div>\n\t\t<\/div>\n\t\t\t\t\t<\/div>\n\t\t<\/section>\n\t\t\t\t<section class=\"elementor-section elementor-top-section elementor-element elementor-element-ac896de elementor-section-boxed elementor-section-height-default elementor-section-height-default\" data-id=\"ac896de\" data-element_type=\"section\">\n\t\t\t\t\t\t<div class=\"elementor-container elementor-column-gap-default\">\n\t\t\t\t\t<div class=\"elementor-column elementor-col-100 elementor-top-column elementor-element elementor-element-e8aa99a\" data-id=\"e8aa99a\" data-element_type=\"column\">\n\t\t\t<div class=\"elementor-widget-wrap elementor-element-populated\">\n\t\t\t\t\t\t<div class=\"elementor-element elementor-element-238a16e elementor-widget elementor-widget-spacer\" data-id=\"238a16e\" data-element_type=\"widget\" data-widget_type=\"spacer.default\">\n\t\t\t\t<div class=\"elementor-widget-container\">\n\t\t\t\t\t<div class=\"elementor-spacer\">\n\t\t\t<div class=\"elementor-spacer-inner\"><\/div>\n\t\t<\/div>\n\t\t\t\t<\/div>\n\t\t\t\t<\/div>\n\t\t\t\t\t<\/div>\n\t\t<\/div>\n\t\t\t\t\t<\/div>\n\t\t<\/section>\n\t\t\t\t<section class=\"elementor-section elementor-top-section elementor-element elementor-element-b5ee10b elementor-section-boxed elementor-section-height-default elementor-section-height-default\" data-id=\"b5ee10b\" data-element_type=\"section\">\n\t\t\t\t\t\t<div class=\"elementor-container elementor-column-gap-default\">\n\t\t\t\t\t<div class=\"elementor-column elementor-col-100 elementor-top-column elementor-element elementor-element-a3296a8\" data-id=\"a3296a8\" data-element_type=\"column\">\n\t\t\t<div class=\"elementor-widget-wrap elementor-element-populated\">\n\t\t\t\t\t\t\t<\/div>\n\t\t<\/div>\n\t\t\t\t\t<\/div>\n\t\t<\/section>\n\t\t\t\t<\/div>\n\t\t","protected":false},"excerpt":{"rendered":"<p>I benefici che i bambini traggono dai libri sono molteplici: la lettura stimola la fantasia, facilita lo sviluppo cognitivo, contribuisce ad arricchire il bagaglio linguistico e, di conseguenza, aiuta ad [&hellip;]<\/p>\n","protected":false},"author":11,"featured_media":0,"parent":5369,"menu_order":0,"comment_status":"closed","ping_status":"closed","template":"","meta":{"_acf_changed":false,"cybocfi_hide_featured_image":"","footnotes":""},"class_list":["post-5575","page","type-page","status-publish","hentry"],"acf":[],"_links":{"self":[{"href":"https:\/\/knjiznica.it\/it\/wp-json\/wp\/v2\/pages\/5575","targetHints":{"allow":["GET"]}}],"collection":[{"href":"https:\/\/knjiznica.it\/it\/wp-json\/wp\/v2\/pages"}],"about":[{"href":"https:\/\/knjiznica.it\/it\/wp-json\/wp\/v2\/types\/page"}],"author":[{"embeddable":true,"href":"https:\/\/knjiznica.it\/it\/wp-json\/wp\/v2\/users\/11"}],"replies":[{"embeddable":true,"href":"https:\/\/knjiznica.it\/it\/wp-json\/wp\/v2\/comments?post=5575"}],"version-history":[{"count":38,"href":"https:\/\/knjiznica.it\/it\/wp-json\/wp\/v2\/pages\/5575\/revisions"}],"predecessor-version":[{"id":10236,"href":"https:\/\/knjiznica.it\/it\/wp-json\/wp\/v2\/pages\/5575\/revisions\/10236"}],"up":[{"embeddable":true,"href":"https:\/\/knjiznica.it\/it\/wp-json\/wp\/v2\/pages\/5369"}],"wp:attachment":[{"href":"https:\/\/knjiznica.it\/it\/wp-json\/wp\/v2\/media?parent=5575"}],"curies":[{"name":"wp","href":"https:\/\/api.w.org\/{rel}","templated":true}]}}