{"id":6663,"date":"2020-12-10T15:39:01","date_gmt":"2020-12-10T14:39:01","guid":{"rendered":"http:\/\/knjiznica.peproject.com\/pravljicne-urice\/"},"modified":"2021-12-09T16:32:54","modified_gmt":"2021-12-09T15:32:54","slug":"pravljicne-urice","status":"publish","type":"page","link":"https:\/\/knjiznica.it\/it\/ragazzi\/bambini\/pravljicne-urice\/","title":{"rendered":"L&#8217;ora del racconto"},"content":{"rendered":"\t\t<div data-elementor-type=\"wp-page\" data-elementor-id=\"6663\" class=\"elementor elementor-6663 elementor-3733\" data-elementor-post-type=\"page\">\n\t\t\t\t\t\t<section class=\"elementor-section elementor-top-section elementor-element elementor-element-993a04f elementor-section-boxed elementor-section-height-default elementor-section-height-default\" data-id=\"993a04f\" data-element_type=\"section\">\n\t\t\t\t\t\t<div class=\"elementor-container elementor-column-gap-default\">\n\t\t\t\t\t<div class=\"elementor-column elementor-col-100 elementor-top-column elementor-element elementor-element-0480fc4\" data-id=\"0480fc4\" data-element_type=\"column\">\n\t\t\t<div class=\"elementor-widget-wrap elementor-element-populated\">\n\t\t\t\t\t\t<div class=\"elementor-element elementor-element-f83235d elementor-widget elementor-widget-image\" data-id=\"f83235d\" data-element_type=\"widget\" data-widget_type=\"image.default\">\n\t\t\t\t<div class=\"elementor-widget-container\">\n\t\t\t\t\t\t\t\t\t\t\t\t\t<img decoding=\"async\" src=\"https:\/\/knjiznica.it\/wp-content\/uploads\/2020\/12\/PU.jpg\" title=\"\" alt=\"\" loading=\"lazy\" \/>\t\t\t\t\t\t\t\t\t\t\t\t\t<\/div>\n\t\t\t\t<\/div>\n\t\t\t\t<div class=\"elementor-element elementor-element-e4b352c elementor-widget elementor-widget-text-editor\" data-id=\"e4b352c\" data-element_type=\"widget\" data-widget_type=\"text-editor.default\">\n\t\t\t\t<div class=\"elementor-widget-container\">\n\t\t\t\t\t\t\t<p><strong><span style=\"font-family: helvetica, arial, sans-serif; font-size: 12pt;\">Dove: <span style=\"color: #8b1652;\">Oddelek za mlade bralce\/Sezione ragazzi, Trieste <\/span><\/span><\/strong><span style=\"font-family: helvetica, arial, sans-serif; font-size: 12pt;\">e<\/span><strong><span style=\"font-family: helvetica, arial, sans-serif; font-size: 12pt;\"><span style=\"color: #8b1652;\"> Knji\u017enica\/Biblioteca D. Feigla, Gorizia<\/span><\/span><\/strong><\/p><p><span style=\"font-family: helvetica, arial, sans-serif; font-size: 12pt;\"><strong>Chi: <span style=\"color: #8b1652;\">bambini in et\u00e0 prescolare e scolare (3-8 anni)<\/span><\/strong><\/span><\/p><p>\u00a0<\/p><p><span style=\"font-family: helvetica, arial, sans-serif; font-size: 12pt;\">Una volta le famiglie si riunivano in cucina, dove i nonni raccontavano ai nipotini storie di tempi lontani. Non parlavano di dinosauri, di principesse o robot. Non per questo, per\u00f2, erano meno efficaci: trasportavano gli ascoltatori altrove, lontano dalle sere buie davanti al focolare. Oggi ci fa compagnia la televisione, il computer o il tablet e l&#8217;odore e le emozioni che trasmettono i libri svaniscono sullo schermo.<\/span><\/p><p><span style=\"font-family: helvetica, arial, sans-serif; font-size: 12pt;\">Proprio per questo motivo \u00e8 importante che i bambini gi\u00e0 in tenera et\u00e0 inizino a coltivare l&#8217;amore per la lettura. Leggere \u00e8 divertente, stimola la fantasia e lo sviluppo cognitivo, rafforza la capacit\u00e0 di concentrazione e contribuisce a creare un ricco bagaglio linguistico e culturale. Noi adulti possiamo dare un buon esempio: i bambini che vedranno i genitori leggere, prenderanno pi\u00f9 volentieri il libro in mano.<br \/><\/span><\/p><p><span style=\"font-family: helvetica, arial, sans-serif; font-size: 12pt;\">E&#8217; altrettanto importante che i bambini abbiano sempre libri a disposizione: oltre alla collezione sugli scafali domestici, \u00e8 perci\u00f2 auspicabile recarsi spesso in biblioteca. Ecco perch\u00e9 ogni anno offriamo regolarmente appuntamenti di lettura in un ambiete caloroso e colorato, sommerso di libri, disegni e giocattoli. I pi\u00f9 piccoli potranno cos\u00ec conoscere e appassionarsi al mondo delle fiabe e ai loro magici protagonisti. <br \/><\/span><\/p>\t\t\t\t\t\t<\/div>\n\t\t\t\t<\/div>\n\t\t\t\t\t<\/div>\n\t\t<\/div>\n\t\t\t\t\t<\/div>\n\t\t<\/section>\n\t\t\t\t<\/div>\n\t\t","protected":false},"excerpt":{"rendered":"<p>Dove: Oddelek za mlade bralce\/Sezione ragazzi, Trieste e Knji\u017enica\/Biblioteca D. Feigla, Gorizia Chi: bambini in et\u00e0 prescolare e scolare (3-8 anni) \u00a0 Una volta le famiglie si riunivano in cucina, [&hellip;]<\/p>\n","protected":false},"author":11,"featured_media":0,"parent":5369,"menu_order":0,"comment_status":"closed","ping_status":"closed","template":"","meta":{"_acf_changed":false,"cybocfi_hide_featured_image":"","footnotes":""},"class_list":["post-6663","page","type-page","status-publish","hentry"],"acf":[],"_links":{"self":[{"href":"https:\/\/knjiznica.it\/it\/wp-json\/wp\/v2\/pages\/6663","targetHints":{"allow":["GET"]}}],"collection":[{"href":"https:\/\/knjiznica.it\/it\/wp-json\/wp\/v2\/pages"}],"about":[{"href":"https:\/\/knjiznica.it\/it\/wp-json\/wp\/v2\/types\/page"}],"author":[{"embeddable":true,"href":"https:\/\/knjiznica.it\/it\/wp-json\/wp\/v2\/users\/11"}],"replies":[{"embeddable":true,"href":"https:\/\/knjiznica.it\/it\/wp-json\/wp\/v2\/comments?post=6663"}],"version-history":[{"count":5,"href":"https:\/\/knjiznica.it\/it\/wp-json\/wp\/v2\/pages\/6663\/revisions"}],"predecessor-version":[{"id":8677,"href":"https:\/\/knjiznica.it\/it\/wp-json\/wp\/v2\/pages\/6663\/revisions\/8677"}],"up":[{"embeddable":true,"href":"https:\/\/knjiznica.it\/it\/wp-json\/wp\/v2\/pages\/5369"}],"wp:attachment":[{"href":"https:\/\/knjiznica.it\/it\/wp-json\/wp\/v2\/media?parent=6663"}],"curies":[{"name":"wp","href":"https:\/\/api.w.org\/{rel}","templated":true}]}}