{"id":6766,"date":"2021-07-29T12:34:17","date_gmt":"2021-07-29T10:34:17","guid":{"rendered":"http:\/\/knjiznica.peproject.com\/?page_id=6766"},"modified":"2024-08-23T15:00:18","modified_gmt":"2024-08-23T13:00:18","slug":"fondi-arhivistici-personali","status":"publish","type":"page","link":"https:\/\/knjiznica.it\/it\/fondi-arhivistici-personali\/","title":{"rendered":"FONDI ARHIVISTICI PERSONALI"},"content":{"rendered":"\t\t<div data-elementor-type=\"wp-page\" data-elementor-id=\"6766\" class=\"elementor elementor-6766 elementor-2909\" data-elementor-post-type=\"page\">\n\t\t\t\t\t\t<section class=\"elementor-section elementor-top-section elementor-element elementor-element-58ad2a5 elementor-section-boxed elementor-section-height-default elementor-section-height-default\" data-id=\"58ad2a5\" data-element_type=\"section\" data-e-type=\"section\">\n\t\t\t\t\t\t<div class=\"elementor-container elementor-column-gap-default\">\n\t\t\t\t\t<div class=\"elementor-column elementor-col-100 elementor-top-column elementor-element elementor-element-22fd701\" data-id=\"22fd701\" data-element_type=\"column\" data-e-type=\"column\">\n\t\t\t<div class=\"elementor-widget-wrap elementor-element-populated\">\n\t\t\t\t\t\t<div class=\"elementor-element elementor-element-8f5e41e elementor-widget elementor-widget-text-editor\" data-id=\"8f5e41e\" data-element_type=\"widget\" data-e-type=\"widget\" data-widget_type=\"text-editor.default\">\n\t\t\t\t<div class=\"elementor-widget-container\">\n\t\t\t\t\t\t\t\t\t<p lang=\"sl-SI\"><span style=\"font-family: helvetica, arial, sans-serif; font-size: 12pt;\">Le persone<span id=\"result_box\" class=\"\" lang=\"it\"><span class=\"\"> che hanno modellato la vita culturale, sociale, politica ed economica della comunit\u00e0 nazionale slovena in Italia dal XIX secolo (<\/span><span class=\"\"><strong>clicare su ciascun nome<\/strong> per visualizzare una descrizione dettagliata <strong>in sloveno<\/strong>):<\/span><\/span><\/span><\/p><table style=\"width: 98.6914%; height: 792px;\"><tbody><tr><td style=\"width: 4.16482%;\"><strong><span style=\"font-family: helvetica, arial, sans-serif; color: #8b1652;\">B<\/span><\/strong><\/td><td style=\"width: 118.259%;\"><span style=\"font-family: helvetica, arial, sans-serif; color: #333333;\"><span style=\"color: #000000;\"><a style=\"color: #000000;\" href=\"https:\/\/plus.cobiss.net\/cobiss\/si\/sl\/bib\/nsktrs\/205118979\" target=\"_blank\" rel=\"noopener\"><strong>Lojzka Bratu\u017e <\/strong><\/a><\/span>(1934-2019) in<span style=\"color: #000000;\"> <a style=\"color: #000000;\" href=\"https:\/\/plus.cobiss.net\/cobiss\/si\/sl\/bib\/nsktrs\/205118979\" target=\"_blank\" rel=\"noopener\"><strong>Ljubka \u0160orli <\/strong><\/a><\/span>(1910-1993)<strong><br \/><\/strong><\/span><\/td><\/tr><tr style=\"height: 24px;\"><td style=\"width: 4.16482%; height: 24px;\"><strong>\u00a0<\/strong><\/td><td style=\"width: 118.259%; height: 24px;\"><span style=\"font-family: helvetica, arial, sans-serif; color: #333333;\"><a style=\"color: #333333;\" href=\"https:\/\/plus.cobiss.net\/cobiss\/si\/sl\/bib\/nsktrs\/10883564\" target=\"_blank\" rel=\"noopener\"><strong>Andrej Budal\u00a0<\/strong><\/a>(\u0160tandre\u017e\/Sant&#8217;Andrea, 1889 \u2013 Trst\/Trieste, 1972)<\/span><\/td><\/tr><tr><td style=\"width: 4.16482%;\"><span style=\"font-family: helvetica, arial, sans-serif; color: #8b1652;\"><strong>C<br \/><\/strong><\/span><\/td><td style=\"width: 118.259%;\"><span style=\"font-family: helvetica, arial, sans-serif; color: #333333;\"><span lang=\"sl-SI\"><span style=\"color: #000000;\"><a style=\"color: #000000;\" href=\"https:\/\/plus.cobiss.net\/cobiss\/si\/sl\/bib\/nsktrs\/181964803\" target=\"_blank\" rel=\"noopener\"><strong>Darij Cupin <\/strong><\/a><\/span>(Muggia (TS) 1939-\u00a0\u00a0\u00a0 )<strong><br \/><\/strong><\/span><\/span><\/td><\/tr><tr style=\"height: 24px;\"><td style=\"width: 4.16482%; height: 24px;\"><span style=\"font-family: helvetica, arial, sans-serif; color: #8b1652;\"><strong>\u010c<\/strong><\/span><\/td><td style=\"width: 118.259%; height: 24px;\"><span style=\"font-family: helvetica, arial, sans-serif; color: #333333;\"><span lang=\"sl-SI\"><strong><a style=\"color: #333333;\" href=\"https:\/\/plus.cobiss.net\/cobiss\/si\/sl\/bib\/nsktrs\/8227308\" target=\"_blank\" rel=\"noopener\">Andrej \u010cok<\/a>\u00a0<\/strong>(<\/span>Lonjer\/Longera, 1884 \u2013 S. Giminiano, <span lang=\"sl-SI\">1<\/span>942<span lang=\"sl-SI\">)<\/span><\/span><\/td><\/tr><tr style=\"height: 24px;\"><td style=\"width: 4.16482%; height: 24px;\">\u00a0<\/td><td style=\"width: 118.259%; height: 24px;\"><span style=\"font-family: helvetica, arial, sans-serif; color: #333333;\"><strong><span lang=\"sl-SI\"><a style=\"color: #333333;\" href=\"https:\/\/plus.cobiss.net\/cobiss\/si\/sl\/bib\/nsktrs\/8614124\" target=\"_blank\" rel=\"noopener\">Ivan Marija \u010cok<\/a> <\/span><\/strong><span lang=\"sl-SI\">(Lonjer\/Longera, 1886 \u2013 New York, 1948)<\/span><\/span><\/td><\/tr><tr style=\"height: 24px;\"><td style=\"width: 4.16482%; height: 24px;\"><span style=\"font-family: helvetica, arial, sans-serif; color: #8b1652;\"><strong>D<\/strong><\/span><\/td><td style=\"width: 118.259%; height: 24px;\"><span style=\"font-family: helvetica, arial, sans-serif; color: #333333;\"><strong><span lang=\"sl-SI\"><a style=\"color: #333333;\" href=\"https:\/\/plus.cobiss.net\/cobiss\/si\/sl\/bib\/nsktrs\/7614956\" target=\"_blank\" rel=\"noopener\">Gojmir Dem\u0161ar<\/a> <\/span><\/strong><span lang=\"sl-SI\">(Mokronog, 1915 \u2013 Trst\/Trieste, 2012)<\/span><\/span><\/td><\/tr><tr style=\"height: 24px;\"><td style=\"width: 4.16482%; height: 24px;\">\u00a0<\/td><td style=\"width: 118.259%; height: 24px;\"><span style=\"font-family: helvetica, arial, sans-serif; color: #333333;\"><strong><span lang=\"sl-SI\"><a style=\"color: #333333;\" href=\"https:\/\/plus.cobiss.net\/cobiss\/si\/sl\/bib\/nsktrs\/7915756\" target=\"_blank\" rel=\"noopener\">Marjan (Mario) Dolgan<\/a><\/span><\/strong><span lang=\"sl-SI\">\u00a0(Trst\/Trieste, 1923 \u2013 Gorica\/Gorizia, 1996)<\/span><\/span><\/td><\/tr><tr style=\"height: 24px;\"><td style=\"width: 4.16482%; height: 24px;\"><span style=\"font-family: helvetica, arial, sans-serif; color: #8b1652;\"><strong>F<\/strong><\/span><\/td><td style=\"width: 118.259%; height: 24px;\"><span lang=\"sl-SI\" style=\"font-family: helvetica, arial, sans-serif; color: #333333;\"><strong><a style=\"color: #333333;\" href=\"https:\/\/plus.cobiss.net\/cobiss\/si\/sl\/bib\/nsktrs\/10429164\" target=\"_blank\" rel=\"noopener\">Janko Furlan\u00a0<\/a><\/strong>(Mavhinje\/Malchina, 1888 \u2013 Nabre\u017eina\/Aurisina, 1967)<\/span><\/td><\/tr><tr style=\"height: 24px;\"><td style=\"width: 4.16482%; height: 24px;\"><span style=\"font-family: helvetica, arial, sans-serif; color: #8b1652;\"><strong>G<\/strong><\/span><\/td><td style=\"width: 118.259%; height: 24px;\"><span style=\"font-family: helvetica, arial, sans-serif; color: #333333;\"><strong><a style=\"color: #333333;\" href=\"https:\/\/plus.cobiss.net\/cobiss\/si\/sl\/bib\/nsktrs\/10923244\" target=\"_blank\" rel=\"noopener\">Drago (Carlo) Godina<\/a><\/strong> (\u0160kedenj\/Servola, 1876 \u2013 Trst\/Trieste, 1965)<\/span><\/td><\/tr><tr style=\"height: 24px;\"><td style=\"width: 4.16482%; height: 24px;\"><span style=\"font-family: helvetica, arial, sans-serif; color: #8b1652;\"><strong>H<\/strong><\/span><\/td><td style=\"width: 118.259%; height: 24px;\"><span style=\"font-family: helvetica, arial, sans-serif; color: #333333;\"><strong><a style=\"color: #333333;\" href=\"https:\/\/plus.cobiss.net\/cobiss\/si\/sl\/bib\/nsktrs\/10374124\" target=\"_blank\" rel=\"noopener\">Du\u0161an Hre\u0161\u010dak<\/a><\/strong>\u00a0(Lokve pri Diva\u010di, 1909 \u2013 Trst\/Trieste, 1991)<\/span><\/td><\/tr><tr style=\"height: 24px;\"><td style=\"width: 4.16482%; height: 24px;\"><strong>\u00a0<\/strong><\/td><td style=\"width: 118.259%; height: 24px;\"><span style=\"font-family: helvetica, arial, sans-serif; color: #333333;\"><a style=\"color: #333333;\" href=\"https:\/\/plus.cobiss.net\/cobiss\/si\/sl\/bib\/nsktrs\/70257923\" target=\"_blank\" rel=\"noopener\"><strong>Stanka Hrovatin<\/strong><\/a> (Trst\/Trieste, 1929)<\/span><\/td><\/tr><tr style=\"height: 24px;\"><td style=\"width: 4.16482%; height: 24px;\"><strong>\u00a0<\/strong><\/td><td style=\"width: 118.259%; height: 24px;\"><span style=\"font-family: helvetica, arial, sans-serif; color: #333333;\"><strong><a style=\"color: #333333;\" href=\"https:\/\/plus.cobiss.net\/cobiss\/si\/sl\/bib\/nsktrs\/69490691\" target=\"_blank\" rel=\"noopener\">Franc Husu<\/a><\/strong> (Prosek\/Prosecco, 1915 \u2013 Roma, 2003)<\/span><\/td><\/tr><tr style=\"height: 24px;\"><td style=\"width: 4.16482%; height: 24px;\"><strong><span style=\"font-family: helvetica, arial, sans-serif; color: #8b1652;\">J<\/span><br \/><\/strong><\/td><td style=\"width: 118.259%; height: 24px;\"><span style=\"font-family: helvetica, arial, sans-serif; color: #333333;\"><a style=\"color: #333333;\" href=\"https:\/\/plus.cobiss.net\/cobiss\/si\/sl\/bib\/nsktrs\/10470380\" target=\"_blank\" rel=\"noopener\"><strong>Zorko Jelin\u010di\u010d<\/strong>\u00a0<\/a>(Log pod Mangartom, 1900 \u2013 Trs\/Triestet, 1965)<\/span><\/td><\/tr><tr style=\"height: 24px;\"><td style=\"width: 4.16482%; height: 24px;\"><span style=\"font-family: helvetica, arial, sans-serif; color: #8b1652;\"><strong>K<\/strong><\/span><\/td><td style=\"width: 118.259%; height: 24px;\"><span style=\"font-family: helvetica, arial, sans-serif; color: #333333;\"><strong><a style=\"color: #333333;\" href=\"https:\/\/plus.cobiss.net\/cobiss\/si\/sl\/bib\/nsktrs\/10423532\" target=\"_blank\" rel=\"noopener\">Anton Kacin<\/a><\/strong>\u00a0(Spodnja Idrija, 1901 \u2013 Trst\/Trieste, 1984)<\/span><\/td><\/tr><tr style=\"height: 24px;\"><td style=\"width: 4.16482%; height: 24px;\">\u00a0<\/td><td style=\"width: 118.259%; height: 24px;\"><span style=\"font-family: helvetica, arial, sans-serif; color: #333333;\"><a style=\"color: #333333;\" href=\"https:\/\/plus.cobiss.net\/cobiss\/si\/sl\/bib\/nsktrs\/10418668\" target=\"_blank\" rel=\"noopener\"><strong>Anton Kapelj<\/strong>\u00a0<\/a>(Stara Su\u0161ica pri Ko\u0161ani, 1920 \u2013 Se\u017eana, 1998)<\/span><\/td><\/tr><tr style=\"height: 24px;\"><td style=\"width: 4.16482%; height: 24px;\"><strong>\u00a0<\/strong><\/td><td style=\"width: 118.259%; height: 24px;\"><span style=\"font-family: helvetica, arial, sans-serif; color: #333333;\"><span lang=\"sl-SI\"><a style=\"color: #333333;\" href=\"https:\/\/plus.cobiss.net\/cobiss\/si\/sl\/bib\/nsktrs\/9897452\" target=\"_blank\" rel=\"noopener\"><strong>Pavla in Ton\u010dka Kolari\u010d<\/strong>\u00a0<\/a>(Trst\/Trieste <\/span>1905 \u2013 Trst\/Trieste 1990, Trst\/Trieste 1906 &#8211; Trst\/Trieste 1990<span lang=\"sl-SI\">)<\/span><\/span><\/td><\/tr><tr style=\"height: 48px;\"><td style=\"width: 4.16482%; height: 48px;\"><strong>\u00a0<\/strong><\/td><td style=\"width: 118.259%; height: 48px;\"><span style=\"font-family: helvetica, arial, sans-serif;\"><span style=\"color: #000000;\"><a style=\"color: #000000;\" href=\"https:\/\/plus.cobiss.net\/cobiss\/si\/sl\/bib\/nsktrs\/98809347\" target=\"_blank\" rel=\"noopener\"><strong>Dru\u017eina Ko\u0161uta\/La famiglia Ko\u0161uta<\/strong><\/a> <\/span>(Trst\/Trieste 1930-1980)<\/span><span style=\"font-family: helvetica, arial, sans-serif; color: #333333;\"><span lang=\"sl-SI\"><br \/><\/span><\/span><\/td><\/tr><tr style=\"height: 24px;\"><td style=\"width: 4.16482%; height: 24px;\"><strong>\u00a0<\/strong><\/td><td style=\"width: 118.259%; height: 24px;\"><span style=\"font-family: helvetica, arial, sans-serif; color: #333333;\"><strong><a style=\"color: #333333;\" href=\"https:\/\/plus.cobiss.net\/cobiss\/si\/sl\/bib\/nsktrs\/10438124\" target=\"_blank\" rel=\"noopener\">Franjo Kosovel<\/a><\/strong> (Trst\/Trieste, 1906 \u2013 Trst\/Trieste, 1990)<\/span><\/td><\/tr><tr style=\"height: 24px;\"><td style=\"width: 4.16482%; height: 24px;\"><strong><span style=\"font-family: helvetica, arial, sans-serif; color: #8b1652;\">L<\/span><br \/><\/strong><\/td><td style=\"width: 118.259%; height: 24px;\"><span style=\"font-family: helvetica, arial, sans-serif; color: #333333;\"><strong><a style=\"color: #333333;\" href=\"https:\/\/plus.cobiss.net\/cobiss\/si\/sl\/bib\/nsktrs\/10152172\" target=\"_blank\" rel=\"noopener\">Eugenio Laurenti<\/a><\/strong> (Trst\/Trieste, 1913 \u2013 Trst\/Trieste, 1993)<\/span><\/td><\/tr><tr style=\"height: 24px;\"><td style=\"width: 4.16482%; height: 24px;\"><span style=\"font-family: helvetica, arial, sans-serif; color: #8b1652;\"><strong>M<\/strong><\/span><\/td><td style=\"width: 118.259%; height: 24px;\"><span style=\"font-family: helvetica, arial, sans-serif; color: #333333;\"><strong><a style=\"color: #333333;\" href=\"https:\/\/plus.cobiss.net\/cobiss\/si\/sl\/bib\/nsktrs\/3606252\" target=\"_blank\" rel=\"noopener\">Mario Magajna<\/a><\/strong>\u00a0(Trst\/Trieste, 1916 \u2013 Trst\/Trieste, 2007)<\/span><\/td><\/tr><tr style=\"height: 24px;\"><td style=\"width: 4.16482%; height: 24px;\">\u00a0<\/td><td style=\"width: 118.259%; height: 24px;\"><span style=\"font-family: helvetica, arial, sans-serif; color: #333333;\"><strong><a style=\"color: #333333;\" href=\"https:\/\/plus.cobiss.net\/cobiss\/si\/sl\/bib\/nsktrs\/71752963\" target=\"_blank\" rel=\"noopener\">Anica Martelanc <\/a><\/strong>(Barkovlje\/Barcola, 1890 \u2013 Ljubljana, 1986)<\/span><\/td><\/tr><tr style=\"height: 24px;\"><td style=\"width: 4.16482%; height: 24px;\"><span style=\"font-family: helvetica, arial, sans-serif; color: #8b1652;\"><strong>P<\/strong><\/span><\/td><td style=\"width: 118.259%; height: 24px;\"><span style=\"font-family: helvetica, arial, sans-serif; color: #333333;\"><a style=\"color: #333333;\" href=\"https:\/\/plus.cobiss.net\/cobiss\/si\/sl\/bib\/nsktrs\/10478316\" target=\"_blank\" rel=\"noopener\"><strong>Drago Pahor<\/strong><\/a> (\u0160kedenj\/Servola, 1905 \u2013 Trst\/Trieste, 1980)<\/span><\/td><\/tr><tr style=\"height: 24px;\"><td style=\"width: 4.16482%; height: 24px;\">\u00a0<\/td><td style=\"width: 118.259%; height: 24px;\"><span style=\"font-family: helvetica, arial, sans-serif; color: #333333;\"><strong><a style=\"color: #333333;\" href=\"https:\/\/plus.cobiss.net\/cobiss\/si\/sl\/bib\/nsktrs\/10882284\" target=\"_blank\" rel=\"noopener\">Roman Pahor<\/a><\/strong> (Trst\/Trieste 1903 &#8211; Izola\/Isola 1951)<\/span><\/td><\/tr><tr><td style=\"width: 4.16482%;\">\u00a0<\/td><td style=\"width: 118.259%;\"><span style=\"font-family: helvetica, arial, sans-serif;\"><a href=\"https:\/\/plus.cobiss.net\/cobiss\/si\/sl\/bib\/nsktrs\/181432835\" target=\"_blank\" rel=\"noopener\"><strong><span style=\"color: #000000;\">Ivan Pertot (<\/span><\/strong><\/a>Ljubljana 1943 &#8211; Aurisina 2020)<\/span><span style=\"font-family: helvetica, arial, sans-serif; color: #333333;\"><span lang=\"sl-SI\"><strong><br \/><\/strong><\/span><\/span><\/td><\/tr><tr style=\"height: 24px;\"><td style=\"width: 4.16482%; height: 24px;\">\u00a0<\/td><td style=\"width: 118.259%; height: 24px;\"><span style=\"font-family: helvetica, arial, sans-serif; color: #333333;\"><span lang=\"sl-SI\"><strong><a style=\"color: #333333;\" href=\"https:\/\/plus.cobiss.net\/cobiss\/si\/sl\/bib\/nsktrs\/8642540\" target=\"_blank\" rel=\"noopener\">Just Pertot<\/a>\u00a0<\/strong>(<\/span>Barkovlje\/Barcola, 1876 \u2013 Zagreb, 1952<span lang=\"sl-SI\">)<\/span><\/span><\/td><\/tr><tr style=\"height: 24px;\"><td style=\"width: 4.16482%; height: 24px;\">\u00a0<\/td><td style=\"width: 118.259%; height: 24px;\"><span style=\"font-family: helvetica, arial, sans-serif; color: #333333;\"><a style=\"color: #333333;\" href=\"https:\/\/plus.cobiss.net\/cobiss\/si\/sl\/bib\/nsktrs\/10118636\" target=\"_blank\" rel=\"noopener\"><strong>Bortolo Petronio<\/strong><\/a> (Piran\/Pirano, 1897 \u2013 Koper\/Capodistria, 1989)<\/span><\/td><\/tr><tr style=\"height: 24px;\"><td style=\"width: 4.16482%; height: 24px;\">\u00a0<\/td><td style=\"width: 118.259%; height: 24px;\"><span style=\"font-family: helvetica, arial, sans-serif; color: #333333;\"><strong><a style=\"color: #333333;\" href=\"https:\/\/plus.cobiss.net\/cobiss\/si\/sl\/bib\/nsktrs\/64064515\" target=\"_blank\" rel=\"noopener\">Dru\u017eina Purger <\/a><\/strong>(1810-1892)<\/span><\/td><\/tr><tr style=\"height: 48px;\"><td style=\"width: 4.16482%; height: 48px;\"><span style=\"color: #993366;\"><strong><span style=\"font-family: helvetica, arial, sans-serif;\">S<\/span><\/strong><\/span><\/td><td style=\"width: 118.259%; height: 48px;\"><span style=\"font-family: helvetica, arial, sans-serif;\"><strong><a href=\"https:\/\/plus.cobiss.net\/cobiss\/si\/sl\/bib\/nsktrs\/137683971\" target=\"_blank\" rel=\"noopener\"><span style=\"color: #000000;\">Arhiv dru\u017eine SLAVIK \/ <\/span><\/a><\/strong><a href=\"https:\/\/d.cobiss.net\/repository\/si\/pub\/addPublication\/137683971\" target=\"_blank\" rel=\"noopener\"><span style=\"color: #000000;\">Fondo archivisto della famiglia S<\/span><\/a><span style=\"color: #000000;\">LAVIK<\/span> (1900-2011)<\/span><span style=\"font-family: helvetica, arial, sans-serif; color: #333333;\"><strong><br \/><\/strong><\/span><\/td><\/tr><tr style=\"height: 24px;\"><td style=\"width: 4.16482%; height: 24px;\"><span style=\"font-family: helvetica, arial, sans-serif; color: #8b1652;\"><strong>\u0160<br \/><\/strong><\/span><\/td><td style=\"width: 118.259%; height: 24px;\"><span style=\"font-family: helvetica, arial, sans-serif;\"><a href=\"https:\/\/plus.cobiss.net\/cobiss\/si\/sl\/bib\/nsktrs\/115378179\" target=\"_blank\" rel=\"noopener\"><strong><span style=\"color: #000000;\">\u0160muc Vojka<\/span><\/strong><\/a> (Logatec 1923 &#8211; Knin 1944)<\/span><span lang=\"sl-SI\" style=\"font-family: helvetica, arial, sans-serif; color: #333333;\"><strong><br \/><\/strong><\/span><\/td><\/tr><tr><td style=\"width: 4.16482%;\"><span style=\"font-family: helvetica, arial, sans-serif; color: #8b1652;\"><strong>\u00a0<\/strong><\/span><\/td><td style=\"width: 118.259%;\"><span style=\"font-family: helvetica, arial, sans-serif;\"><a href=\"https:\/\/plus.cobiss.net\/cobiss\/si\/sl\/bib\/nsktrs\/205118979\" target=\"_blank\" rel=\"noopener\"><strong><span style=\"color: #000000;\">Ljubka \u0160orli <\/span><\/strong><\/a><span style=\"color: #000000;\">(1910-1993) in<\/span><strong><span style=\"color: #000000;\"><a style=\"color: #000000;\" href=\"https:\/\/plus.cobiss.net\/cobiss\/si\/sl\/bib\/nsktrs\/205118979\" target=\"_blank\" rel=\"noopener\"> Lojzka Bratu\u017e<\/a> (<\/span><\/strong><span style=\"color: #000000;\">1934-2019)<\/span><strong><span style=\"color: #000000;\"><br \/><\/span><\/strong><\/span><\/td><\/tr><tr style=\"height: 24px;\"><td style=\"width: 4.16482%; height: 24px;\"><span style=\"font-family: helvetica, arial, sans-serif; color: #8b1652;\"><strong>T<\/strong><\/span><\/td><td style=\"width: 118.259%; height: 24px;\"><span lang=\"sl-SI\" style=\"font-family: helvetica, arial, sans-serif; color: #333333;\"><strong><a style=\"color: #333333;\" href=\"https:\/\/plus.cobiss.net\/cobiss\/si\/sl\/bib\/nsktrs\/10363372\" target=\"_blank\" rel=\"noopener\">Venceslav \u2013 Slavko Tuta<\/a> <\/strong>(Tolmin, 1908 \u2013 Tr\u017ei\u010d\/Monfalcone, 1980)<\/span><\/td><\/tr><tr style=\"height: 24px;\"><td style=\"width: 4.16482%; height: 24px;\"><span style=\"font-family: helvetica, arial, sans-serif; color: #8b1652;\"><strong>V<\/strong><\/span><\/td><td style=\"width: 118.259%; height: 24px;\"><span style=\"font-family: helvetica, arial, sans-serif; color: #333333;\"><span lang=\"sl-SI\"><a style=\"color: #333333;\" href=\"https:\/\/plus.cobiss.net\/cobiss\/si\/sl\/bib\/nsktrs\/7246828\" target=\"_blank\" rel=\"noopener\"><strong>Fran Venturini<\/strong><\/a>\u00a0(<\/span>Boljunec\/Bagnoli della Rosandra, 1882 \u2013 Ljubljana, 1952<span lang=\"sl-SI\">)<\/span><\/span><\/td><\/tr><tr style=\"height: 24px;\"><td style=\"width: 4.16482%; height: 24px;\">\u00a0<\/td><td style=\"width: 118.259%; height: 24px;\"><span style=\"font-family: helvetica, arial, sans-serif; color: #333333;\"><span lang=\"sl-SI\"><strong><a style=\"color: #333333;\" href=\"https:\/\/plus.cobiss.net\/cobiss\/si\/sl\/bib\/nsktrs\/9722604\" target=\"_blank\" rel=\"noopener\">Ubald Vrabec<\/a><\/strong>\u00a0(Trst\/Trieste,\u00a0<\/span>1905<span lang=\"sl-SI\">\u00a0\u2013\u00a0<\/span><span lang=\"sl-SI\">Izola,\u00a0<\/span>1992<span lang=\"sl-SI\">)<\/span><\/span><\/td><\/tr><tr style=\"height: 24px;\"><td style=\"width: 4.16482%; height: 24px;\"><span style=\"font-family: helvetica, arial, sans-serif; color: #8b1652;\"><strong>\u017d<\/strong><\/span><\/td><td style=\"width: 118.259%; height: 24px;\"><span style=\"font-family: helvetica, arial, sans-serif; color: #333333;\"><span lang=\"sl-SI\"><strong><a style=\"color: #333333;\" href=\"https:\/\/plus.cobiss.net\/cobiss\/si\/sl\/bib\/nsktrs\/8678380\" target=\"_blank\" rel=\"noopener\">Drago \u017derjal<\/a><\/strong>\u00a0(<\/span>Bor\u0161t\/Sant&#8217;Antonio in Bosco, 1903 \u2013 Koper\/Capodistria, 1991<span lang=\"sl-SI\">)<\/span><\/span><\/td><\/tr><tr style=\"height: 24px;\"><td style=\"width: 4.16482%; height: 24px;\">\u00a0<\/td><td style=\"width: 118.259%; height: 24px;\">\u00a0<\/td><\/tr><\/tbody><\/table><p><span style=\"font-family: helvetica, arial, sans-serif;\"><strong>Altri fondi archivistici presenti <span id=\"result_box\" lang=\"it\">e per i quali sono in preparazione inventari:<\/span><\/strong><\/span><\/p><p><span style=\"font-family: helvetica, arial, sans-serif;\"><strong>A <\/strong>Karlo Avgu\u0161tin\u010di\u010d\u00a0\u00a0 <strong>B<\/strong> Andrej Bahun, Milan Bol\u010di\u010d, Karla Brana, Dru\u017eina Bri\u0161\u010dik, Albin Bubni\u010d, Dru\u017eina Budin\u00a0\u00a0 <strong>C <\/strong>Dru\u017eina Caharija<strong> \u00a0 \u010c <\/strong>Ljubo \u010cerne, Josip \u010cibej<strong> \u00a0 D <\/strong>Jo\u017ee Dekleva, Dru\u017eina Delcraz-Mora<strong> \u00a0 F<\/strong> Ferdinand Ferjan\u010di\u010d, Karel Ferluga, Peter Flander, Constantino Franovich<strong> \u00a0\u00a0 G <\/strong>Danilo Glavina, Giovanni Gustin\u010di\u010d<strong> \u00a0 K<\/strong> Dru\u017eina Kalister, Eleonora Kerko\u010d Kri\u017emar, Valerija Kocijan\u010di\u010d \u2013 \u0160pela, Igor Kosmina, Jo\u017ee Kosovel, Zmago Ko\u0161uta, Josip Kri\u017eman, Angel Kukanja<strong> \u00a0 L <\/strong>Matija in Avgustin Lah\u00a0\u00a0 <strong>M <\/strong>Sre\u010dko Merlak<strong> \u00a0 N <\/strong>Ivan Novak<strong> \u00a0 O <\/strong>Josip Ota<strong> \u00a0 P <\/strong>Francesco Pe\u010dar, Milivoj Pertot, Ivanka Pi\u0161\u010danc, Dru\u017eina Pregarc\u00a0<strong>\u00a0 R <\/strong>Boris Race, Sergij Radovi\u010d, Stanislav Renko \u00a0<strong> S <\/strong>Dru\u017eina Samec, Mara Samsa, Dru\u017eina Sardo\u010d, Ferdinand Starec, Ernest Suban in Ljudmila Hrovatin<strong> \u00a0 \u0160<\/strong> Ivan \u0160avlji, Karel \u0160i\u0161kovi\u010d, Franc \u0160kerlj, Dru\u017eina \u0160krinjar, Josip \u0160u\u0161tar\u0161i\u010d<strong> \u00a0 T<\/strong> Marija Trebec, Vladimir Turina, Angel Turk<strong> \u00a0 U <\/strong>Armid Ukmar\u00a0<\/span><\/p>\t\t\t\t\t\t\t\t<\/div>\n\t\t\t\t<\/div>\n\t\t\t\t\t<\/div>\n\t\t<\/div>\n\t\t\t\t\t<\/div>\n\t\t<\/section>\n\t\t\t\t<\/div>\n\t\t","protected":false},"excerpt":{"rendered":"<p>Le persone che hanno modellato la vita culturale, sociale, politica ed economica della comunit\u00e0 nazionale slovena in Italia dal XIX secolo (clicare su ciascun nome per visualizzare una descrizione dettagliata [&hellip;]<\/p>\n","protected":false},"author":3,"featured_media":0,"parent":0,"menu_order":0,"comment_status":"closed","ping_status":"closed","template":"","meta":{"_acf_changed":false,"cybocfi_hide_featured_image":"","footnotes":""},"class_list":["post-6766","page","type-page","status-publish","hentry"],"acf":[],"_links":{"self":[{"href":"https:\/\/knjiznica.it\/it\/wp-json\/wp\/v2\/pages\/6766","targetHints":{"allow":["GET"]}}],"collection":[{"href":"https:\/\/knjiznica.it\/it\/wp-json\/wp\/v2\/pages"}],"about":[{"href":"https:\/\/knjiznica.it\/it\/wp-json\/wp\/v2\/types\/page"}],"author":[{"embeddable":true,"href":"https:\/\/knjiznica.it\/it\/wp-json\/wp\/v2\/users\/3"}],"replies":[{"embeddable":true,"href":"https:\/\/knjiznica.it\/it\/wp-json\/wp\/v2\/comments?post=6766"}],"version-history":[{"count":72,"href":"https:\/\/knjiznica.it\/it\/wp-json\/wp\/v2\/pages\/6766\/revisions"}],"predecessor-version":[{"id":22567,"href":"https:\/\/knjiznica.it\/it\/wp-json\/wp\/v2\/pages\/6766\/revisions\/22567"}],"wp:attachment":[{"href":"https:\/\/knjiznica.it\/it\/wp-json\/wp\/v2\/media?parent=6766"}],"curies":[{"name":"wp","href":"https:\/\/api.w.org\/{rel}","templated":true}]}}