{"id":6767,"date":"2021-07-29T12:36:32","date_gmt":"2021-07-29T10:36:32","guid":{"rendered":"http:\/\/knjiznica.peproject.com\/?page_id=6767"},"modified":"2023-07-12T12:44:24","modified_gmt":"2023-07-12T10:44:24","slug":"raccolte-tematiche","status":"publish","type":"page","link":"https:\/\/knjiznica.it\/it\/raccolte-tematiche\/","title":{"rendered":"RACCOLTE TEMATICHE"},"content":{"rendered":"\t\t<div data-elementor-type=\"wp-page\" data-elementor-id=\"6767\" class=\"elementor elementor-6767 elementor-2929\" data-elementor-post-type=\"page\">\n\t\t\t\t\t\t<section class=\"elementor-section elementor-top-section elementor-element elementor-element-3b41a16 elementor-section-boxed elementor-section-height-default elementor-section-height-default\" data-id=\"3b41a16\" data-element_type=\"section\">\n\t\t\t\t\t\t<div class=\"elementor-container elementor-column-gap-default\">\n\t\t\t\t\t<div class=\"elementor-column elementor-col-100 elementor-top-column elementor-element elementor-element-2045a6e\" data-id=\"2045a6e\" data-element_type=\"column\">\n\t\t\t<div class=\"elementor-widget-wrap elementor-element-populated\">\n\t\t\t\t\t\t<div class=\"elementor-element elementor-element-33c4ae1 elementor-widget elementor-widget-text-editor\" data-id=\"33c4ae1\" data-element_type=\"widget\" data-widget_type=\"text-editor.default\">\n\t\t\t\t<div class=\"elementor-widget-container\">\n\t\t\t\t\t\t\t<p align=\"LEFT\"><span style=\"font-family: helvetica, arial, sans-serif; font-size: 12pt;\">Documenti raccolti dal personale della Sezione di storia per ricerche o <span id=\"result_box\" class=\"\" lang=\"it\"><span class=\"\">per raccolta sistematica del materiale esistente sull&#8217;argomento scelto <\/span><\/span>(clicare su ciascun nome per visualizzare una descrizione dettagliata <strong>in sloveno<\/strong>):<br \/><\/span><\/p><table style=\"width: 100%; height: 1008px;\"><tbody><tr style=\"height: 24px;\"><td style=\"height: 24px; width: 3.8653%;\"><span style=\"font-family: helvetica, arial, sans-serif; color: #8b1652;\"><strong>D<\/strong><\/span><\/td><td style=\"height: 24px; width: 94.8035%;\"><span style=\"font-family: helvetica, arial, sans-serif; color: #333333;\"><span lang=\"sl-SI\"><a href=\"https:\/\/plus.cobiss.net\/cobiss\/si\/sl\/bib\/nsktrs\/9996012\" target=\"_blank\" rel=\"noopener\"><strong>Delavska enotnost<\/strong><\/a>\u00a0(<\/span>Unit\u00e0 operaia, 1944-1986<span lang=\"sl-SI\">)<\/span><\/span><\/td><\/tr><tr style=\"height: 24px;\"><td style=\"height: 24px; width: 3.8653%;\">\u00a0<\/td><td style=\"height: 24px; width: 94.8035%;\"><span style=\"font-family: helvetica, arial, sans-serif; color: #333333;\"><a href=\"https:\/\/plus.cobiss.net\/cobiss\/si\/sl\/bib\/nsktrs\/10003180\" target=\"_blank\" rel=\"noopener\"><strong>Delavsko gibanje<\/strong><\/a>\u00a0(1890-1988)<\/span><\/td><\/tr><tr style=\"height: 24px;\"><td style=\"height: 24px; width: 3.8653%;\">\u00a0<\/td><td style=\"height: 24px; width: 94.8035%;\"><span style=\"font-family: helvetica, arial, sans-serif; color: #333333;\"><a href=\"https:\/\/plus.cobiss.net\/cobiss\/si\/sl\/bib\/nsktrs\/10153452\" target=\"_blank\" rel=\"noopener\"><strong>Dija\u0161ko delovanje<\/strong><\/a> (Attivit\u00e0 studentesca, 1968-1983)<\/span><\/td><\/tr><tr style=\"height: 24px;\"><td style=\"height: 24px; width: 3.8653%;\">\u00a0<\/td><td style=\"height: 24px; width: 94.8035%;\"><span style=\"font-family: helvetica, arial, sans-serif; color: #333333;\"><span lang=\"sl-SI\"><a href=\"https:\/\/plus.cobiss.net\/cobiss\/si\/sl\/bib\/nsktrs\/9960940\" target=\"_blank\" rel=\"noopener\"><strong>Drugi tr\u017ea\u0161ki proces, 1941<\/strong><\/a>\u00a0(Secondo processo del Tribunale speciale per la difesa dello Stato, inizio <\/span>20.\u00a0<span lang=\"sl-SI\">sec.<\/span>-2010)<\/span><\/td><\/tr><tr style=\"height: 24px;\"><td style=\"height: 24px; width: 3.8653%;\">\u00a0<\/td><td style=\"height: 24px; width: 94.8035%;\"><span style=\"font-family: helvetica, arial, sans-serif; color: #333333;\"><span lang=\"sl-SI\"><a href=\"https:\/\/plus.cobiss.net\/cobiss\/si\/sl\/bib\/nsktrs\/8467180\" target=\"_blank\" rel=\"noopener\"><strong>Dru\u0161tva pod fa\u0161izmom<\/strong><\/a>\u00a0(Attivit\u00e0 delle associazioni durante il fascismo, <\/span>1920-1939<span lang=\"sl-SI\">)<\/span><\/span><\/td><\/tr><tr style=\"height: 24px;\"><td style=\"height: 24px; width: 3.8653%; vertical-align: top;\"><span style=\"font-family: helvetica, arial, sans-serif; color: #8b1652;\"><strong>E<\/strong><\/span><\/td><td style=\"height: 24px; width: 94.8035%;\"><span style=\"font-family: helvetica, arial, sans-serif; color: #333333;\"><a href=\"https:\/\/plus.cobiss.net\/cobiss\/si\/sl\/bib\/nsktrs\/10805740\" target=\"_blank\" rel=\"noopener\"><strong>Enotna manifestacija v Gorici<\/strong><\/a>\u00a0(Manifestazione degli sloveni in Italia a Gorizia, 1984)<\/span><\/td><\/tr><tr style=\"height: 24px;\"><td style=\"height: 24px; width: 3.8653%;\"><span style=\"font-family: helvetica, arial, sans-serif; color: #8b1652;\"><strong>F<\/strong><\/span><\/td><td style=\"height: 24px; width: 94.8035%;\"><span style=\"font-family: helvetica, arial, sans-serif; color: #333333;\"><span lang=\"sl-SI\"><a href=\"https:\/\/plus.cobiss.net\/cobiss\/si\/sl\/bib\/nsktrs\/8764908\" target=\"_blank\" rel=\"noopener\"><strong>Fa\u0161izem<\/strong><\/a> (Fascismo, <\/span>1925-1942<span lang=\"sl-SI\">,<\/span>\u00a01948-1986<span lang=\"sl-SI\">)<\/span><\/span><\/td><\/tr><tr style=\"height: 24px;\"><td style=\"height: 24px; width: 3.8653%;\"><span style=\"font-family: helvetica, arial, sans-serif; color: #8b1652;\"><strong>G<\/strong><\/span><\/td><td style=\"height: 24px; width: 94.8035%;\"><span style=\"font-family: helvetica, arial, sans-serif; color: #333333;\"><span lang=\"sl-SI\"><a href=\"https:\/\/plus.cobiss.net\/cobiss\/si\/sl\/bib\/nsktrs\/9734380\" target=\"_blank\" rel=\"noopener\"><strong>Globalna zakonska za\u0161\u010dita<\/strong><\/a>\u00a0(Tutela globale della minoranza, <\/span>1954-2001<span lang=\"sl-SI\">)<\/span><\/span><\/td><\/tr><tr style=\"height: 24px;\"><td style=\"height: 24px; width: 3.8653%;\">\u00a0<\/td><td style=\"height: 24px; width: 94.8035%;\"><span style=\"font-family: helvetica, arial, sans-serif; color: #333333;\"><span lang=\"sl-SI\"><a href=\"https:\/\/plus.cobiss.net\/cobiss\/si\/sl\/bib\/nsktrs\/8612588\" target=\"_blank\" rel=\"noopener\"><strong>Gori\u0161ka in Bene\u0161ka Slovenija<\/strong>\u00a0<\/a>(Gorizia e la Benecia, <\/span>1855-1925<span lang=\"sl-SI\">)<\/span><\/span><\/td><\/tr><tr style=\"height: 24px;\"><td style=\"height: 24px; width: 3.8653%;\">\u00a0<\/td><td style=\"height: 24px; width: 94.8035%;\"><span style=\"font-family: helvetica, arial, sans-serif; color: #333333;\"><span lang=\"sl-SI\"><a href=\"https:\/\/plus.cobiss.net\/cobiss\/si\/sl\/bib\/nsktrs\/8475372\" target=\"_blank\" rel=\"noopener\"><strong>Gortanov proces<\/strong><\/a> (Processo Gortan, <\/span>1929<span lang=\"sl-SI\">)<\/span><\/span><\/td><\/tr><tr style=\"height: 48px;\"><td style=\"height: 48px; width: 3.8653%;\">\u00a0<\/td><td style=\"height: 48px; width: 94.8035%;\"><span style=\"font-family: helvetica, arial, sans-serif; color: #333333;\"><a href=\"https:\/\/plus.cobiss.net\/cobiss\/si\/sl\/bib\/nsktrs\/10806252\" target=\"_blank\" rel=\"noopener\"><strong>Gregor\u010di\u010deva zalo\u017eba, Zalo\u017eni\u0161tvo tr\u017ea\u0161kega tiska in Gospodarstvo, Primorski dnevnik<\/strong> <\/a>(Editoriale stampa triestina, Gospodarstvo, Primorski dnevnik, 1945-1990)<\/span><\/td><\/tr><tr style=\"height: 24px;\"><td style=\"height: 24px; width: 3.8653%;\"><span style=\"font-family: helvetica, arial, sans-serif; color: #8b1652;\"><strong>I<\/strong><\/span><\/td><td style=\"height: 24px; width: 94.8035%;\"><p><span style=\"font-family: helvetica, arial, sans-serif; color: #333333;\"><span lang=\"sl-SI\"><a href=\"https:\/\/plus.cobiss.net\/cobiss\/si\/sl\/bib\/nsktrs\/9080300\" target=\"_blank\" rel=\"noopener\"><strong>Italijansko \u0161olstvo<\/strong><\/a>\u00a0(Sistema scolastico italiano, <\/span><\/span><span style=\"font-family: helvetica, arial, sans-serif; color: #333333;\">1918-1977<span lang=\"sl-SI\">)<\/span><\/span><\/p><\/td><\/tr><tr style=\"height: 24px;\"><td style=\"height: 24px; width: 3.8653%;\"><span style=\"font-family: helvetica, arial, sans-serif; color: #8b1652;\"><strong>K<\/strong><\/span><\/td><td style=\"height: 24px; width: 94.8035%;\"><span style=\"font-family: helvetica, arial, sans-serif; color: #333333;\"><span lang=\"sl-SI\"><a href=\"https:\/\/plus.cobiss.net\/cobiss\/si\/sl\/bib\/nsktrs\/9691372\" target=\"_blank\" rel=\"noopener\"><strong>Kulturna dru\u0161tva na Tr\u017ea\u0161kem<\/strong><\/a>\u00a0(Associazioni culturali di Trieste, <\/span>1845-1927<span lang=\"sl-SI\">)<\/span><\/span><\/td><\/tr><tr style=\"height: 24px;\"><td style=\"height: 24px; width: 3.8653%;\"><span style=\"font-family: helvetica, arial, sans-serif; color: #8b1652;\"><strong>L<\/strong><\/span><\/td><td style=\"height: 24px; width: 94.8035%;\"><span style=\"font-family: helvetica, arial, sans-serif; color: #333333;\"><span lang=\"sl-SI\"><a href=\"https:\/\/plus.cobiss.net\/cobiss\/si\/sl\/bib\/nsktrs\/8609772\" target=\"_blank\" rel=\"noopener\"><strong>Ljudska \u0161tetja<\/strong><\/a>\u00a0(Censimento della popolazione, <\/span>1910-2001<span lang=\"sl-SI\">)<\/span><\/span><\/td><\/tr><tr style=\"height: 48px;\"><td style=\"height: 48px; width: 3.8653%; vertical-align: top;\"><span style=\"font-family: helvetica, arial, sans-serif; color: #8b1652;\"><strong>M<\/strong><\/span><\/td><td style=\"height: 48px; width: 94.8035%;\"><span style=\"font-family: helvetica, arial, sans-serif; color: #333333;\"><a href=\"https:\/\/plus.cobiss.net\/cobiss\/si\/sl\/bib\/nsktrs\/9984492\" target=\"_blank\" rel=\"noopener\"><strong>Mednarodna konferenca o manj\u0161inah 1974 in sorodne teme<\/strong><\/a> <span lang=\"sl-SI\">(Conferenza sulle minoranze del 1974, dagli anni cinquanta in poi)<\/span><\/span><\/td><\/tr><tr style=\"height: 24px;\"><td style=\"height: 24px; width: 3.8653%;\"><span style=\"font-family: helvetica, arial, sans-serif; color: #8b1652;\"><strong>N<\/strong><\/span><\/td><td style=\"height: 24px; width: 94.8035%;\"><span style=\"font-family: helvetica, arial, sans-serif; color: #333333;\"><span lang=\"sl-SI\"><a href=\"https:\/\/plus.cobiss.net\/cobiss\/si\/sl\/bib\/nsktrs\/6889452\" target=\"_blank\" rel=\"noopener\"><strong>Narodni dom v Trstu<\/strong><\/a>\u00a0(<\/span>1900-<span lang=\"sl-SI\">)<\/span><\/span><\/td><\/tr><tr style=\"height: 24px;\"><td style=\"height: 24px; width: 3.8653%; vertical-align: top;\"><span style=\"font-family: helvetica, arial, sans-serif; color: #8b1652;\"><strong>P<\/strong><\/span><\/td><td style=\"height: 24px; width: 94.8035%;\"><span style=\"font-family: helvetica, arial, sans-serif; color: #333333;\"><span lang=\"sl-SI\"><a href=\"https:\/\/plus.cobiss.net\/cobiss\/si\/sl\/bib\/nsktrs\/8439788\" target=\"_blank\" rel=\"noopener\"><strong>Politi\u010dno dru\u0161tvo Edinost in \u010dasopis Edinost<\/strong><\/a>\u00a0(Associazione e giornale Edinost, <\/span>1874-1928<span lang=\"sl-SI\">)<\/span><\/span><\/td><\/tr><tr style=\"height: 24px;\"><td style=\"height: 24px; width: 3.8653%;\">\u00a0<\/td><td style=\"height: 24px; width: 94.8035%;\"><span style=\"font-family: helvetica, arial, sans-serif; color: #333333;\"><a href=\"https:\/\/plus.cobiss.net\/cobiss\/si\/sl\/bib\/nsktrs\/8756460\" target=\"_blank\" rel=\"noopener\"><strong>Procesi, konfin<\/strong><strong>a<\/strong><strong>cije, internacije, zapori<\/strong><\/a><br \/>(Processi, confino, deportazioni e carcerazioni, 1926-1943)<\/span><\/td><\/tr><tr style=\"height: 48px;\"><td style=\"height: 48px; width: 3.8653%;\">\u00a0<\/td><td style=\"height: 48px; width: 94.8035%;\"><span style=\"font-family: helvetica, arial, sans-serif; color: #333333;\"><a href=\"https:\/\/plus.cobiss.net\/cobiss\/si\/sl\/bib\/nsktrs\/8451052\" target=\"_blank\" rel=\"noopener\"><strong><span lang=\"sl-SI\">Protifa\u0161isti\u010dno delovanje, rapalska pogodba,\u00a0<\/span>volitve 1921-1924<\/strong><\/a><span lang=\"sl-SI\">\u00a0(Attivit\u00e0 antifascista, trattato di Rapallo ed elezioni, 1921-1924, 1920-1940<\/span><span lang=\"sl-SI\">)<\/span><\/span><\/td><\/tr><tr style=\"height: 24px;\"><td style=\"height: 24px; width: 3.8653%;\">\u00a0<\/td><td style=\"height: 24px; width: 94.8035%;\"><span style=\"font-family: helvetica, arial, sans-serif; color: #333333;\"><span lang=\"sl-SI\"><a href=\"https:\/\/plus.cobiss.net\/cobiss\/si\/sl\/bib\/nsktrs\/8825324\" target=\"_blank\" rel=\"noopener\"><strong>Prva svetovna vojna<\/strong> <\/a>(Prima guerra mondiale, <\/span>1914-1918<span lang=\"sl-SI\">)<\/span><\/span><\/td><\/tr><tr style=\"height: 24px;\"><td style=\"height: 24px; width: 3.8653%;\">\u00a0<\/td><td style=\"height: 24px; width: 94.8035%;\"><span style=\"font-family: helvetica, arial, sans-serif;\"><a href=\"https:\/\/plus.cobiss.net\/cobiss\/si\/sl\/bib\/nsktrs\/9333996\" target=\"_blank\" rel=\"noopener\"><span lang=\"sl-SI\"><strong><span style=\"color: #333333;\">Prvi tr\u017ea\u0161ki proces<\/span><\/strong> <\/span><\/a><span lang=\"sl-SI\">(Primo processo del Tribunale speciale per la difesa dello Stato, 1930\u20132012)<\/span><\/span><\/td><\/tr><tr style=\"height: 24px;\"><td style=\"height: 24px; width: 3.8653%;\"><span style=\"font-family: helvetica, arial, sans-serif; font-size: 12pt; color: #8b1652;\"><strong>S<\/strong><\/span><\/td><td style=\"height: 24px; width: 94.8035%;\"><span style=\"font-family: helvetica, arial, sans-serif; color: #333333;\"><a href=\"https:\/\/plus.cobiss.net\/cobiss\/si\/sl\/bib\/nsktrs\/16171779\" target=\"_blank\" rel=\"noopener\"><strong>Slovenska manj\u0161ina v Italiji<\/strong><\/a> (La minoranza slovena in Italia, 1945-1991)<\/span><\/td><\/tr><tr style=\"height: 24px;\"><td style=\"height: 24px; width: 3.8653%;\">\u00a0<\/td><td style=\"height: 24px; width: 94.8035%;\"><span style=\"font-family: helvetica, arial, sans-serif; color: #333333;\"><a href=\"https:\/\/plus.cobiss.net\/cobiss\/si\/sl\/bib\/nsktrs\/9521132\" target=\"_blank\" rel=\"noopener\"><span lang=\"sl-SI\"><strong>Slovenci v videmski pokrajini<\/strong> <\/span><\/a><span lang=\"sl-SI\">(Gli sloveni della provincia di Udine, 1866-1996)<\/span><\/span><\/td><\/tr><tr style=\"height: 24px;\"><td style=\"height: 24px; width: 3.8653%;\">\u00a0<\/td><td style=\"height: 24px; width: 94.8035%;\"><span style=\"font-family: helvetica, arial, sans-serif; color: #333333;\"><strong><a href=\"https:\/\/plus.cobiss.net\/cobiss\/si\/sl\/bib\/nsktrs\/67395843\" target=\"_blank\" rel=\"noopener\">Slovensko de\u017eelno gospodarsko zdru\u017eenje (SDGZ)<\/a> <\/strong>\/Unione regionale economica slovena (URES) (1946-1997)<\/span><\/td><\/tr><tr style=\"height: 24px;\"><td style=\"height: 24px; width: 3.8653%;\">\u00a0<\/td><td style=\"height: 24px; width: 94.8035%;\"><span style=\"font-family: helvetica, arial, sans-serif; color: #333333;\"><a href=\"https:\/\/plus.cobiss.net\/cobiss\/si\/sl\/bib\/nsktrs\/10734828\" target=\"_blank\" rel=\"noopener\"><strong>Spomenice in resolucije<\/strong> <\/a>(Memorandum, 1945-1978)<\/span><\/td><\/tr><tr style=\"height: 24px;\"><td style=\"height: 24px; width: 3.8653%;\">\u00a0<\/td><td style=\"height: 24px; width: 94.8035%;\"><span style=\"font-family: helvetica, arial, sans-serif; color: #333333;\"><a href=\"https:\/\/plus.cobiss.net\/cobiss\/si\/sl\/bib\/nsktrs\/10479084\" target=\"_blank\" rel=\"noopener\"><strong>Sporazumi med Jugoslavijo in Italijo<\/strong><\/a> \/ Memorandum tra Jugoslavia e Italia (1947-1975)<\/span><\/td><\/tr><tr style=\"height: 24px;\"><td style=\"width: 3.8653%; height: 24px;\">\u00a0<\/td><td style=\"width: 94.8035%; height: 24px;\"><a href=\"https:\/\/plus.cobiss.net\/cobiss\/si\/sl\/bib\/nsktrs\/15777283\" target=\"_blank\" rel=\"noopener\"><span style=\"color: #333333;\"><strong><span style=\"font-family: helvetica, arial, sans-serif; font-size: 12pt;\">SR Slovenija in SFR Jugoslavija<\/span><\/strong><\/span><\/a><span style=\"font-family: helvetica, arial, sans-serif; color: #333333;\"><strong><br \/><\/strong><\/span><\/td><\/tr><tr style=\"height: 24px;\"><td style=\"height: 24px; width: 3.8653%;\">\u00a0<\/td><td style=\"height: 24px; width: 94.8035%;\"><span style=\"font-family: helvetica, arial, sans-serif; color: #333333;\"><strong><a href=\"https:\/\/plus.cobiss.net\/cobiss\/si\/sl\/bib\/nsktrs\/72197635\" target=\"_blank\" rel=\"noopener\">STEDO<\/a>\u00a0<\/strong>(Corsa-staffetta commemorativa per il 20\u00b0 anniversario della Liberazione, 1965)<\/span><\/td><\/tr><tr style=\"height: 24px;\"><td style=\"height: 24px; width: 3.8653%; vertical-align: top;\"><span style=\"font-family: helvetica, arial, sans-serif; color: #8b1652;\"><strong>\u0160<\/strong><\/span><\/td><td style=\"height: 24px; width: 94.8035%;\"><span style=\"font-family: helvetica, arial, sans-serif; color: #333333;\"><a href=\"https:\/\/plus.cobiss.net\/cobiss\/si\/sl\/bib\/nsktrs\/9081836\" target=\"_blank\" rel=\"noopener\"><strong><span lang=\"sl-SI\">\u0160ola in Dru\u017eba sv. Cirila in Metoda<\/span><\/strong><\/a> <span lang=\"sl-SI\">(Scuola e associazione SS. Cirillo e Metodio, 1893-1930)<\/span><\/span><\/td><\/tr><tr style=\"height: 24px;\"><td style=\"height: 24px; width: 3.8653%;\"><span style=\"font-family: helvetica, arial, sans-serif; color: #8b1652;\"><strong>T<\/strong><\/span><\/td><td style=\"height: 24px; width: 94.8035%;\"><span style=\"font-family: helvetica, arial, sans-serif; color: #333333;\"><a href=\"https:\/\/plus.cobiss.net\/cobiss\/si\/sl\/bib\/nsktrs\/8797676\" target=\"_blank\" rel=\"noopener\"><strong>Telovadno dru\u0161tvo Sokol <\/strong><\/a>\/ Associazione sportiva Sokol (1869-1941)<\/span><\/td><\/tr><tr style=\"height: 24px;\"><td style=\"height: 24px; width: 3.8653%;\">\u00a0<\/td><td style=\"height: 24px; width: 94.8035%;\"><span style=\"font-family: helvetica, arial, sans-serif; color: #333333;\"><a href=\"https:\/\/plus.cobiss.net\/cobiss\/si\/sl\/bib\/nsktrs\/8895980\" target=\"_blank\" rel=\"noopener\"><strong><span lang=\"sl-SI\">Trgovsko-obrtna zadruga<\/span><\/strong><\/a><span lang=\"sl-SI\"> (<\/span>1906-1941<span lang=\"sl-SI\">)<\/span><\/span><\/td><\/tr><tr style=\"height: 24px;\"><td style=\"height: 24px; width: 3.8653%;\">\u00a0<\/td><td style=\"height: 24px; width: 94.8035%;\"><span style=\"font-family: helvetica, arial, sans-serif; color: #333333;\"><strong><a href=\"https:\/\/plus.cobiss.net\/cobiss\/si\/sl\/bib\/nsktrs\/70715907\" target=\"_blank\" rel=\"noopener\">Tr\u017ea\u0161ka kreditna banka (TKB) \/ Banca di credito di Trieste (BCT)<\/a> <\/strong>(1959-1997)<\/span><\/td><\/tr><tr style=\"height: 24px;\"><td style=\"height: 24px; width: 3.8653%; vertical-align: top;\"><span style=\"font-family: helvetica, arial, sans-serif; color: #8b1652;\"><strong>U<\/strong><\/span><\/td><td style=\"height: 24px; width: 94.8035%;\"><span style=\"font-family: helvetica, arial, sans-serif; color: #333333;\"><a href=\"https:\/\/plus.cobiss.net\/cobiss\/si\/sl\/bib\/nsktrs\/10476012\" target=\"_blank\" rel=\"noopener\"><strong>Upravni dokumenti iz tr\u017ea\u0161kega obmo\u010dja<\/strong><\/a> (Documenti amministrativi, 1741-1938)<\/span><\/td><\/tr><tr style=\"height: 24px;\"><td style=\"height: 24px; width: 3.8653%;\"><span style=\"font-family: helvetica, arial, sans-serif; color: #8b1652;\"><strong>V<\/strong><\/span><\/td><td style=\"height: 24px; width: 94.8035%;\"><span style=\"font-family: helvetica, arial, sans-serif; color: #333333;\"><a href=\"https:\/\/plus.cobiss.net\/cobiss\/si\/sl\/bib\/nsktrs\/8485868\" target=\"_blank\" rel=\"noopener\"><strong><span lang=\"sl-SI\">Vol<\/span><span lang=\"sl-SI\">i<\/span><span lang=\"sl-SI\">tve<\/span> <\/strong><\/a>(Elezioni<span lang=\"sl-SI\">,\u00a0<\/span>1873-1913<span lang=\"sl-SI\">)<\/span><\/span><\/td><\/tr><tr style=\"height: 24px;\"><td style=\"height: 24px; width: 3.8653%; vertical-align: top;\"><span style=\"font-family: helvetica, arial, sans-serif; color: #8b1652;\"><strong>Z<\/strong><\/span><\/td><td style=\"height: 24px; width: 94.8035%;\"><span style=\"font-family: helvetica, arial, sans-serif; color: #333333;\"><a href=\"https:\/\/plus.cobiss.net\/cobiss\/si\/sl\/bib\/nsktrs\/8866028\" target=\"_blank\" rel=\"noopener\"><strong><span lang=\"sl-SI\">Zadruge in druge gospodarske ustanove\u00a0<\/span>na\u00a0<span lang=\"sl-SI\">G<\/span>ori\u0161kem <\/strong><\/a><span lang=\"sl-SI\">(Cooperative e altri enti economici della provincia di Gorizia, 1900-1927)<\/span><\/span><\/td><\/tr><tr style=\"height: 24px;\"><td style=\"height: 24px; width: 3.8653%;\">\u00a0<\/td><td style=\"height: 24px; width: 94.8035%;\"><span style=\"font-family: helvetica, arial, sans-serif; color: #333333;\"><strong><a href=\"https:\/\/plus.cobiss.net\/cobiss\/si\/sl\/bib\/nsktrs\/8855532\" target=\"_blank\" rel=\"noopener\">Zadruge in druge gospodarske ustanove na Tr\u017ea\u0161kem<\/a>\u00a0<\/strong>(<span lang=\"sl-SI\">Cooperative e altri enti economici della provincia di Trieste, <\/span>1874-1938)<\/span><\/td><\/tr><tr style=\"height: 24px;\"><td style=\"height: 24px; width: 3.8653%;\">\u00a0<\/td><td style=\"height: 24px; width: 94.8035%;\"><span style=\"font-family: helvetica, arial, sans-serif; color: #333333;\"><span lang=\"sl-SI\"><strong><a href=\"https:\/\/plus.cobiss.net\/cobiss\/si\/sl\/bib\/nsktrs\/9348076\" target=\"_blank\" rel=\"noopener\">Zadru\u017ena zveza \/ Confederazione cooperative<\/a> <\/strong>(<\/span>1907-1928<span lang=\"sl-SI\">)<\/span><\/span><\/td><\/tr><tr style=\"height: 24px;\"><td style=\"height: 24px; width: 3.8653%;\">\u00a0<\/td><td style=\"height: 24px; width: 94.8035%;\"><span lang=\"sl-SI\" style=\"font-family: helvetica, arial, sans-serif; color: #333333;\"><a href=\"https:\/\/plus.cobiss.net\/cobiss\/si\/sl\/bib\/nsktrs\/61148419\" target=\"_blank\" rel=\"noopener\"><strong>ZVU &#8211; Zavezni\u0161ka voja\u0161ka uprava \/ GMA &#8211; Governo militare alleato <\/strong><\/a>(1945-1954)<\/span><\/td><\/tr><tr style=\"height: 24px;\"><td style=\"height: 24px; width: 3.8653%;\"><span style=\"font-family: helvetica, arial, sans-serif; color: #8b1652;\"><strong>\u017d<\/strong><\/span><\/td><td style=\"height: 24px; width: 94.8035%;\"><span style=\"font-family: helvetica, arial, sans-serif; color: #333333;\"><strong><a href=\"https:\/\/plus.cobiss.net\/cobiss\/si\/sl\/bib\/nsktrs\/16562947\" target=\"_blank\" rel=\"noopener\">\u017denske organizacije<\/a>\u00a0<\/strong>(Associazione femminile, 1945-1997)<\/span><\/td><\/tr><\/tbody><\/table><p><strong>\u00a0<\/strong><\/p><p><span style=\"font-family: helvetica, arial, sans-serif;\"><strong>Altri fondi archivistici presenti <span id=\"result_box\" lang=\"it\">e per i quali sono in preparazione inventari:<\/span><\/strong><\/span><\/p><p><span style=\"font-family: helvetica, arial, sans-serif;\"><strong>D<\/strong> DOSP\u00a0\u00a0 <strong>E <\/strong>Emigracija, Etnografija\u00a0\u00a0 <strong>I<\/strong> Izseljenstvo\u00a0\u00a0 <strong>K <\/strong>Kanalska dolina\u00a0\u00a0 <strong>N <\/strong>Narodna delavska organizacija, NOB\u00a0\u00a0 <strong>R <\/strong>Rezija, Rod modrega vala\u00a0\u00a0<strong> S <\/strong>Slovenci v Italiji \u00a0 <strong>\u0160<\/strong> \u0160olstvo<\/span><\/p>\t\t\t\t\t\t<\/div>\n\t\t\t\t<\/div>\n\t\t\t\t\t<\/div>\n\t\t<\/div>\n\t\t\t\t\t<\/div>\n\t\t<\/section>\n\t\t\t\t<\/div>\n\t\t","protected":false},"excerpt":{"rendered":"<p>Documenti raccolti dal personale della Sezione di storia per ricerche o per raccolta sistematica del materiale esistente sull&#8217;argomento scelto (clicare su ciascun nome per visualizzare una descrizione dettagliata in sloveno): [&hellip;]<\/p>\n","protected":false},"author":3,"featured_media":0,"parent":0,"menu_order":0,"comment_status":"closed","ping_status":"closed","template":"","meta":{"_acf_changed":false,"cybocfi_hide_featured_image":"","footnotes":""},"class_list":["post-6767","page","type-page","status-publish","hentry"],"acf":[],"_links":{"self":[{"href":"https:\/\/knjiznica.it\/it\/wp-json\/wp\/v2\/pages\/6767","targetHints":{"allow":["GET"]}}],"collection":[{"href":"https:\/\/knjiznica.it\/it\/wp-json\/wp\/v2\/pages"}],"about":[{"href":"https:\/\/knjiznica.it\/it\/wp-json\/wp\/v2\/types\/page"}],"author":[{"embeddable":true,"href":"https:\/\/knjiznica.it\/it\/wp-json\/wp\/v2\/users\/3"}],"replies":[{"embeddable":true,"href":"https:\/\/knjiznica.it\/it\/wp-json\/wp\/v2\/comments?post=6767"}],"version-history":[{"count":67,"href":"https:\/\/knjiznica.it\/it\/wp-json\/wp\/v2\/pages\/6767\/revisions"}],"predecessor-version":[{"id":17484,"href":"https:\/\/knjiznica.it\/it\/wp-json\/wp\/v2\/pages\/6767\/revisions\/17484"}],"wp:attachment":[{"href":"https:\/\/knjiznica.it\/it\/wp-json\/wp\/v2\/media?parent=6767"}],"curies":[{"name":"wp","href":"https:\/\/api.w.org\/{rel}","templated":true}]}}