{"id":8692,"date":"2021-12-09T16:44:17","date_gmt":"2021-12-09T15:44:17","guid":{"rendered":"http:\/\/knjiznica.peproject.com\/?page_id=8692"},"modified":"2024-07-31T11:26:36","modified_gmt":"2024-07-31T09:26:36","slug":"nati-per-leggere","status":"publish","type":"page","link":"https:\/\/knjiznica.it\/it\/ragazzi\/bambini\/nati-per-leggere\/","title":{"rendered":"Nati per leggere &#8211; Mammalingua"},"content":{"rendered":"\t\t<div data-elementor-type=\"wp-page\" data-elementor-id=\"8692\" class=\"elementor elementor-8692 elementor-3718\" data-elementor-post-type=\"page\">\n\t\t\t\t\t\t<section class=\"elementor-section elementor-top-section elementor-element elementor-element-bd5df6e elementor-section-boxed elementor-section-height-default elementor-section-height-default\" data-id=\"bd5df6e\" data-element_type=\"section\">\n\t\t\t\t\t\t<div class=\"elementor-container elementor-column-gap-default\">\n\t\t\t\t\t<div class=\"elementor-column elementor-col-100 elementor-top-column elementor-element elementor-element-616bdd7\" data-id=\"616bdd7\" data-element_type=\"column\">\n\t\t\t<div class=\"elementor-widget-wrap elementor-element-populated\">\n\t\t\t\t\t\t<div class=\"elementor-element elementor-element-73687a4 elementor-widget elementor-widget-text-editor\" data-id=\"73687a4\" data-element_type=\"widget\" data-widget_type=\"text-editor.default\">\n\t\t\t\t<div class=\"elementor-widget-container\">\n\t\t\t\t\t\t\t<p>Dove: <span style=\"color: #8b1652;\">Oddelek za mlade bralce\/Sezione ragazzi, Trieste<\/span><\/p><p>Chi: <span style=\"color: #8b1652;\">famiglie con bambini 0-3<\/span><\/p><p>\u00a0<\/p><p><img fetchpriority=\"high\" decoding=\"async\" class=\"alignleft wp-image-9710\" src=\"https:\/\/knjiznica.it\/wp-content\/uploads\/2022\/01\/NpL_FVG_nuovo-167x300-1.jpg\" alt=\"\" width=\"180\" height=\"323\" \/><\/p><p>Nati per Leggere \u00e8 un programma nazionale di promozione della lettura rivolto alle famiglie con bambini in et\u00e0 prescolare. Leggere ad alta voce ai bambini fin dalla pi\u00f9 tenera et\u00e0 \u00e8 un&#8217;attivit\u00e0 molto coinvolgente e rafforza la relazione adulto-bambino. I pediatri indicano che la lettura condivisa durante i primi 3 anni di vita \u00e8 la cosa pi\u00f9 importante che i genitori possono fare per sostenere lo sviluppo cognitivo ed emotivo del bambino.\u00a0<\/p><p>Le nostre volontarie leggono quindi fiabe ai bambini in et\u00e0 prescolare (fino al compimento del 3\u00b0 anno). Inoltre, saranno a disposizione dei genitori, nonni e\/o accompagnatori per maggiori informazioni riguardo all&#8217;importanza della lettura e sulle novit\u00e0 letterarie della nostra sezione giovanile.<\/p><p>Per maggiori informazioni sul progetto consultare la pagina www.natiperleggere.it. <\/p><p>\u00a0<\/p><p>\u00a0<\/p><p>\u00a0<\/p><p>\u00a0<\/p><p><img decoding=\"async\" class=\"wp-image-13656 alignleft\" src=\"https:\/\/knjiznica.it\/wp-content\/uploads\/2022\/10\/MammaLingua-1-300x215.png\" alt=\"\" width=\"180\" height=\"129\" srcset=\"https:\/\/knjiznica.it\/wp-content\/uploads\/2022\/10\/MammaLingua-1-300x215.png 300w, https:\/\/knjiznica.it\/wp-content\/uploads\/2022\/10\/MammaLingua-1.png 642w\" sizes=\"(max-width: 180px) 100vw, 180px\" \/>L&#8217;appuntamento fa parte delle iniziative locali del progetto nazionale <strong>Mamma Lingua<\/strong>, promosso dall&#8217;Associazione Italiana Biblioteche e da NpL per la valorizzazione della lingua madre e del multilinguismo.<\/p>\t\t\t\t\t\t<\/div>\n\t\t\t\t<\/div>\n\t\t\t\t\t<\/div>\n\t\t<\/div>\n\t\t\t\t\t<\/div>\n\t\t<\/section>\n\t\t\t\t<\/div>\n\t\t","protected":false},"excerpt":{"rendered":"<p>Dove: Oddelek za mlade bralce\/Sezione ragazzi, Trieste Chi: famiglie con bambini 0-3 \u00a0 Nati per Leggere \u00e8 un programma nazionale di promozione della lettura rivolto alle famiglie con bambini in [&hellip;]<\/p>\n","protected":false},"author":2,"featured_media":0,"parent":5369,"menu_order":0,"comment_status":"closed","ping_status":"closed","template":"","meta":{"_acf_changed":false,"cybocfi_hide_featured_image":"","footnotes":""},"class_list":["post-8692","page","type-page","status-publish","hentry"],"acf":[],"_links":{"self":[{"href":"https:\/\/knjiznica.it\/it\/wp-json\/wp\/v2\/pages\/8692","targetHints":{"allow":["GET"]}}],"collection":[{"href":"https:\/\/knjiznica.it\/it\/wp-json\/wp\/v2\/pages"}],"about":[{"href":"https:\/\/knjiznica.it\/it\/wp-json\/wp\/v2\/types\/page"}],"author":[{"embeddable":true,"href":"https:\/\/knjiznica.it\/it\/wp-json\/wp\/v2\/users\/2"}],"replies":[{"embeddable":true,"href":"https:\/\/knjiznica.it\/it\/wp-json\/wp\/v2\/comments?post=8692"}],"version-history":[{"count":17,"href":"https:\/\/knjiznica.it\/it\/wp-json\/wp\/v2\/pages\/8692\/revisions"}],"predecessor-version":[{"id":22235,"href":"https:\/\/knjiznica.it\/it\/wp-json\/wp\/v2\/pages\/8692\/revisions\/22235"}],"up":[{"embeddable":true,"href":"https:\/\/knjiznica.it\/it\/wp-json\/wp\/v2\/pages\/5369"}],"wp:attachment":[{"href":"https:\/\/knjiznica.it\/it\/wp-json\/wp\/v2\/media?parent=8692"}],"curies":[{"name":"wp","href":"https:\/\/api.w.org\/{rel}","templated":true}]}}