{"id":8703,"date":"2021-12-09T16:50:43","date_gmt":"2021-12-09T15:50:43","guid":{"rendered":"http:\/\/knjiznica.peproject.com\/?page_id=8703"},"modified":"2021-12-09T18:14:38","modified_gmt":"2021-12-09T17:14:38","slug":"land-of-tales","status":"publish","type":"page","link":"https:\/\/knjiznica.it\/it\/ragazzi\/bambini\/land-of-tales\/","title":{"rendered":"Land of Tales"},"content":{"rendered":"\t\t<div data-elementor-type=\"wp-page\" data-elementor-id=\"8703\" class=\"elementor elementor-8703 elementor-3861\" data-elementor-post-type=\"page\">\n\t\t\t\t\t\t<section class=\"elementor-section elementor-top-section elementor-element elementor-element-0a7e7e2 elementor-section-boxed elementor-section-height-default elementor-section-height-default\" data-id=\"0a7e7e2\" data-element_type=\"section\">\n\t\t\t\t\t\t<div class=\"elementor-container elementor-column-gap-default\">\n\t\t\t\t\t<div class=\"elementor-column elementor-col-100 elementor-top-column elementor-element elementor-element-c5c73a6\" data-id=\"c5c73a6\" data-element_type=\"column\">\n\t\t\t<div class=\"elementor-widget-wrap elementor-element-populated\">\n\t\t\t\t\t\t<div class=\"elementor-element elementor-element-aa511a9 elementor-widget elementor-widget-image\" data-id=\"aa511a9\" data-element_type=\"widget\" data-widget_type=\"image.default\">\n\t\t\t\t<div class=\"elementor-widget-container\">\n\t\t\t\t\t\t\t\t\t\t\t\t\t<img fetchpriority=\"high\" decoding=\"async\" width=\"730\" height=\"320\" src=\"https:\/\/knjiznica.it\/wp-content\/uploads\/2020\/12\/LT2.jpg\" class=\"attachment-large size-large wp-image-8705\" alt=\"\" srcset=\"https:\/\/knjiznica.it\/wp-content\/uploads\/2020\/12\/LT2.jpg 820w, https:\/\/knjiznica.it\/wp-content\/uploads\/2020\/12\/LT2-300x132.jpg 300w, https:\/\/knjiznica.it\/wp-content\/uploads\/2020\/12\/LT2-768x337.jpg 768w\" sizes=\"(max-width: 730px) 100vw, 730px\" \/>\t\t\t\t\t\t\t\t\t\t\t\t\t<\/div>\n\t\t\t\t<\/div>\n\t\t\t\t<div class=\"elementor-element elementor-element-7b5f9d6 elementor-widget elementor-widget-text-editor\" data-id=\"7b5f9d6\" data-element_type=\"widget\" data-widget_type=\"text-editor.default\">\n\t\t\t\t<div class=\"elementor-widget-container\">\n\t\t\t\t\t\t\t<p>Con i libri animati Movie Books e la visione delle fiabe Tales to Watch, i giovani hanno la possibilit\u00e0 di guardare un breve film e, allo stesso tempo, leggerne la storia. \u00c8 quindi uno strumento dinamico e divertente per sviluppare la capacit\u00e0 di ascolto e comprensione del testo, un&#8217;ottimo esercizio che aiuta ad arricchire il vocabolario e migliorare la pronuncia in lingua inglese.<\/p><p>Clicca su <a href=\"https:\/\/landoftales.com\/\">LAND OF TALES<\/a> e buon divertimento!<\/p>\t\t\t\t\t\t<\/div>\n\t\t\t\t<\/div>\n\t\t\t\t\t<\/div>\n\t\t<\/div>\n\t\t\t\t\t<\/div>\n\t\t<\/section>\n\t\t\t\t<\/div>\n\t\t","protected":false},"excerpt":{"rendered":"<p>Con i libri animati Movie Books e la visione delle fiabe Tales to Watch, i giovani hanno la possibilit\u00e0 di guardare un breve film e, allo stesso tempo, leggerne la [&hellip;]<\/p>\n","protected":false},"author":2,"featured_media":0,"parent":5369,"menu_order":0,"comment_status":"closed","ping_status":"closed","template":"","meta":{"_acf_changed":false,"cybocfi_hide_featured_image":"","footnotes":""},"class_list":["post-8703","page","type-page","status-publish","hentry"],"acf":[],"_links":{"self":[{"href":"https:\/\/knjiznica.it\/it\/wp-json\/wp\/v2\/pages\/8703","targetHints":{"allow":["GET"]}}],"collection":[{"href":"https:\/\/knjiznica.it\/it\/wp-json\/wp\/v2\/pages"}],"about":[{"href":"https:\/\/knjiznica.it\/it\/wp-json\/wp\/v2\/types\/page"}],"author":[{"embeddable":true,"href":"https:\/\/knjiznica.it\/it\/wp-json\/wp\/v2\/users\/2"}],"replies":[{"embeddable":true,"href":"https:\/\/knjiznica.it\/it\/wp-json\/wp\/v2\/comments?post=8703"}],"version-history":[{"count":7,"href":"https:\/\/knjiznica.it\/it\/wp-json\/wp\/v2\/pages\/8703\/revisions"}],"predecessor-version":[{"id":8920,"href":"https:\/\/knjiznica.it\/it\/wp-json\/wp\/v2\/pages\/8703\/revisions\/8920"}],"up":[{"embeddable":true,"href":"https:\/\/knjiznica.it\/it\/wp-json\/wp\/v2\/pages\/5369"}],"wp:attachment":[{"href":"https:\/\/knjiznica.it\/it\/wp-json\/wp\/v2\/media?parent=8703"}],"curies":[{"name":"wp","href":"https:\/\/api.w.org\/{rel}","templated":true}]}}