{"id":9459,"date":"2020-12-22T09:55:43","date_gmt":"2020-12-22T08:55:43","guid":{"rendered":"http:\/\/knjiznica.peproject.com\/trgovski-dom-gorica\/"},"modified":"2025-09-17T15:36:08","modified_gmt":"2025-09-17T13:36:08","slug":"trgovski-dom-gorica","status":"publish","type":"page","link":"https:\/\/knjiznica.it\/it\/trgovski-dom-gorica\/","title":{"rendered":"TRGOVSKI DOM, Gorizia"},"content":{"rendered":"\t\t<div data-elementor-type=\"wp-page\" data-elementor-id=\"9459\" class=\"elementor elementor-9459 elementor-4350\" data-elementor-post-type=\"page\">\n\t\t\t\t\t\t<section class=\"elementor-section elementor-top-section elementor-element elementor-element-a7d1b6e elementor-section-boxed elementor-section-height-default elementor-section-height-default\" data-id=\"a7d1b6e\" data-element_type=\"section\">\n\t\t\t\t\t\t<div class=\"elementor-container elementor-column-gap-default\">\n\t\t\t\t\t<div class=\"elementor-column elementor-col-100 elementor-top-column elementor-element elementor-element-5cdf645\" data-id=\"5cdf645\" data-element_type=\"column\">\n\t\t\t<div class=\"elementor-widget-wrap elementor-element-populated\">\n\t\t\t\t\t\t<div class=\"elementor-element elementor-element-9516bed elementor-widget elementor-widget-accordion\" data-id=\"9516bed\" data-element_type=\"widget\" data-widget_type=\"accordion.default\">\n\t\t\t\t<div class=\"elementor-widget-container\">\n\t\t\t\t\t<div class=\"elementor-accordion\">\n\t\t\t\t\t\t\t<div class=\"elementor-accordion-item\">\n\t\t\t\t\t<div id=\"elementor-tab-title-1561\" class=\"elementor-tab-title\" data-tab=\"1\" role=\"button\" aria-controls=\"elementor-tab-content-1561\" aria-expanded=\"false\">\n\t\t\t\t\t\t\t\t\t\t\t\t\t<span class=\"elementor-accordion-icon elementor-accordion-icon-left\" aria-hidden=\"true\">\n\t\t\t\t\t\t\t\t\t\t\t\t\t\t\t<span class=\"elementor-accordion-icon-closed\"><\/span>\n\t\t\t\t\t\t\t\t<span class=\"elementor-accordion-icon-opened\"><\/span>\n\t\t\t\t\t\t\t\t\t\t\t\t\t\t<\/span>\n\t\t\t\t\t\t\t\t\t\t\t\t<a class=\"elementor-accordion-title\" tabindex=\"0\">PRENOTAZIONE DELLA SALA CONFERENZE<\/a>\n\t\t\t\t\t<\/div>\n\t\t\t\t\t<div id=\"elementor-tab-content-1561\" class=\"elementor-tab-content elementor-clearfix\" data-tab=\"1\" role=\"region\" aria-labelledby=\"elementor-tab-title-1561\"><p><span style=\"font-family: helvetica, arial, sans-serif; font-size: 12pt;\">Per la prenotazione gli interessati devono contattare la Biblioteca con almeno <span lang=\"sl-SI\">7<\/span> giorni di anticipo chiamando il numero 0039 0481 531733 o via email gorica@knjiznica.it.<br \/><\/span><\/p><p><span style=\"font-family: helvetica, arial, sans-serif; font-size: 12pt;\">Al momento della prenotazione \u00e8 necessario compilare il modulo di richiesta disponibile sul nostro sito. <\/span><\/p><p><span style=\"font-family: helvetica, arial, sans-serif; font-size: 12pt;\"><span style=\"color: #800080;\"><strong>PER PRENOTARE LA SALA<\/strong><\/span> &gt; <a href=\"https:\/\/forms.gle\/YF5i7LAL6RdeJm4z8\" target=\"_blank\" rel=\"noopener\"><strong>link<\/strong><\/a><\/span><\/p><p><span style=\"font-family: helvetica, arial, sans-serif; font-size: 12pt;\">La Biblioteca confermer\u00e0 la prenotazione e comunicher\u00e0 l\u2019indennit\u00e0 dovuta.<\/span><\/p><p><span style=\"font-family: helvetica, arial, sans-serif; font-size: 12pt;\"><strong>La prenotazione \u00e8 valida a partire dal ricevimento del modulo compilato.<\/strong><\/span><\/p><p><strong><span style=\"font-family: helvetica, arial, sans-serif; font-size: 12pt;\">CALENDARIO DELLE PRENOTAZIONI CONFERMATE:<\/span><\/strong><\/p><p><iframe style=\"border-width: 0;\" src=\"https:\/\/calendar.google.com\/calendar\/embed?height=500&amp;wkst=2&amp;ctz=Europe%2FRome&amp;bgcolor=%23ffffff&amp;showTitle=0&amp;showTz=0&amp;showPrint=0&amp;showTabs=0&amp;showCalendars=0&amp;src=NDc3MDM3NzIxMDY4ZmM3Mzk5MmZkOTY2NTc3ZjE4ZjcyNGUxZTE2MGZkMmI3ZTUzZWFkMDVjNTdkZmU0ODdkNUBncm91cC5jYWxlbmRhci5nb29nbGUuY29t&amp;color=%23D81B60\" width=\"700\" height=\"500\" frameborder=\"0\" scrolling=\"no\"><\/iframe><\/p><\/div>\n\t\t\t\t<\/div>\n\t\t\t\t\t\t\t<div class=\"elementor-accordion-item\">\n\t\t\t\t\t<div id=\"elementor-tab-title-1562\" class=\"elementor-tab-title\" data-tab=\"2\" role=\"button\" aria-controls=\"elementor-tab-content-1562\" aria-expanded=\"false\">\n\t\t\t\t\t\t\t\t\t\t\t\t\t<span class=\"elementor-accordion-icon elementor-accordion-icon-left\" aria-hidden=\"true\">\n\t\t\t\t\t\t\t\t\t\t\t\t\t\t\t<span class=\"elementor-accordion-icon-closed\"><\/span>\n\t\t\t\t\t\t\t\t<span class=\"elementor-accordion-icon-opened\"><\/span>\n\t\t\t\t\t\t\t\t\t\t\t\t\t\t<\/span>\n\t\t\t\t\t\t\t\t\t\t\t\t<a class=\"elementor-accordion-title\" tabindex=\"0\">REGOLAMENTO<\/a>\n\t\t\t\t\t<\/div>\n\t\t\t\t\t<div id=\"elementor-tab-content-1562\" class=\"elementor-tab-content elementor-clearfix\" data-tab=\"2\" role=\"region\" aria-labelledby=\"elementor-tab-title-1562\"><ol><li><p class=\"western\"><span style=\"font-family: helvetica, arial, sans-serif; font-size: 12pt;\">La sala \u00e8 disponibile per iniziative culturali, scientifiche e didattiche che rispecchiano la multiculturalit\u00e0 del territorio goriziano e promuovono le lingue autoctone. La sala non \u00e8 disponibile per eventi strettamente commerciali e di natura politica (es. incontri di partito, comizi elettorali ecc.) o per mostre. <\/span><\/p><\/li><li><p class=\"western\"><span style=\"font-family: helvetica, arial, sans-serif; font-size: 12pt;\"><span lang=\"sl-SI\">L\u2019amministratore dei locali \u00e8 la Narodna in \u0161tudijska knji\u017enica \u2013 Biblioteca Nazionale Slovena e degli Studi. <\/span>La sala <span lang=\"sl-SI\">ha una capienza di 40 persone.<\/span><\/span><\/p><\/li><li><p class=\"western\"><span style=\"font-family: helvetica, arial, sans-serif; font-size: 12pt;\">Per la prenotazione gli interessati devono contattare la Biblioteca con almeno <span lang=\"sl-SI\">7<\/span> giorni di anticipo. Al momento della prenotazione \u00e8 necessario compilare il modulo di richiesta disponibile sul sito www.knjiznica.it. La prenotazione sar\u00e0 successivamente confermata dall\u2019amministrazione che comunicher\u00e0 anche l\u2019indennit\u00e0 dovuta.<\/span><\/p><\/li><li><p class=\"western\" align=\"justify\"><span style=\"font-family: helvetica, arial, sans-serif; font-size: 12pt;\">La prenotazione pu\u00f2 essere annullata senza costi fino a 3 giorni lavorativi prima dell\u2019utilizzo previsto della sala. In caso di mancato annullamento o di annullamento oltre il termine stabilito, verr\u00e0 addebitata indennit\u00e0 concordata, indipendentemente dall\u2019effettivo utilizzo della sala.<\/span><\/p><\/li><li><span style=\"font-family: helvetica, arial, sans-serif; font-size: 12pt;\">L\u2019amministrazione si avvale del diritto di non concedere gli spazi per attivit\u00e0 non consone ai principi indicati al punto 1.<\/span><\/li><li><p class=\"western\"><span style=\"font-family: helvetica, arial, sans-serif; font-size: 12pt;\">La Biblioteca consegner\u00e0 le chiavi al richiedente assieme a tutte le indicazioni per l&#8217;utilizzo degli spazi. Alla consegna delle chiavi il richiedente dovr\u00e0 firmare la dichiarazione di responsabilit\u00e0.<\/span><\/p><\/li><li><p class=\"western\"><span style=\"font-family: helvetica, arial, sans-serif; font-size: 12pt;\"><span lang=\"it-IT\">Il<\/span><span lang=\"sl-SI\"> conduttore non potr<\/span><span lang=\"it-IT\">\u00e0 apportare alcuna modifica, innovazione, miglioria o addizione ai locali e agli impianti esistenti. <\/span><span lang=\"sl-SI\">I richiedenti sono responsabili per i danni provocati durante l\u2019uso della sala. <\/span><\/span><\/p><\/li><li><p class=\"western\"><span style=\"font-family: helvetica, arial, sans-serif; font-size: 12pt;\">I richiedenti devono fare domanda specifica per l\u2019uso del proiettore, dell\u2019impianto audio, rete Wi-Fi e collegamento audio e video per la traduzione simultanea. Per altre esigenze \u00e8 richiesta l&#8217;autorizzazione dell&#8217;amministrazione.<br \/><\/span><\/p><\/li><li><p class=\"western\"><span style=\"font-family: helvetica, arial, sans-serif; font-size: 12pt;\">Non \u00e8 permesso spostare e\/o coprire gli elementi che compongono la mostra permanente.<\/span><\/p><\/li><li><p class=\"western\"><span style=\"font-family: helvetica, arial, sans-serif; font-size: 12pt;\">Non \u00e8 permesso appendere o affiggere alcunch\u00e9 sulle pareti e sulle vetrate. <\/span><\/p><\/li><li><span style=\"font-family: helvetica, arial, sans-serif; font-size: 12pt;\">Negli spazi \u00e8 vietato introdurre cibo e\/o organizzare rinfreschi. <\/span><\/li><li><p class=\"western\"><span style=\"font-family: helvetica, arial, sans-serif; font-size: 12pt;\">La Biblioteca non promuove gli eventi prenotati. Il richiedente deve indicare nel materiale promozionale (inviti, locandine, manifesti ecc.) il nome ed il luogo nel seguente modo: <span lang=\"sl-SI\">Trgovski dom, Korzo\/Corso Verdi 52, Gorica\/Gorizia. <\/span><\/span><\/p><\/li><li><p class=\"western\"><span style=\"font-family: helvetica, arial, sans-serif; font-size: 12pt;\"><span lang=\"it-IT\">N<\/span><span lang=\"sl-SI\">ella promozione dell&#8217;evento <\/span><span lang=\"it-IT\">\u00e8 auspicabile<\/span><span lang=\"sl-SI\"> l&#8217;uso di entrambe le lingue (sloveno ed italiano).<\/span> <\/span><\/p><\/li><\/ol><\/div>\n\t\t\t\t<\/div>\n\t\t\t\t\t\t\t<div class=\"elementor-accordion-item\">\n\t\t\t\t\t<div id=\"elementor-tab-title-1563\" class=\"elementor-tab-title\" data-tab=\"3\" role=\"button\" aria-controls=\"elementor-tab-content-1563\" aria-expanded=\"false\">\n\t\t\t\t\t\t\t\t\t\t\t\t\t<span class=\"elementor-accordion-icon elementor-accordion-icon-left\" aria-hidden=\"true\">\n\t\t\t\t\t\t\t\t\t\t\t\t\t\t\t<span class=\"elementor-accordion-icon-closed\"><\/span>\n\t\t\t\t\t\t\t\t<span class=\"elementor-accordion-icon-opened\"><\/span>\n\t\t\t\t\t\t\t\t\t\t\t\t\t\t<\/span>\n\t\t\t\t\t\t\t\t\t\t\t\t<a class=\"elementor-accordion-title\" tabindex=\"0\">STORIA DEL TRGOVSKI DOM<\/a>\n\t\t\t\t\t<\/div>\n\t\t\t\t\t<div id=\"elementor-tab-content-1563\" class=\"elementor-tab-content elementor-clearfix\" data-tab=\"3\" role=\"region\" aria-labelledby=\"elementor-tab-title-1563\"><p><span style=\"font-family: helvetica, arial, sans-serif;\"><span lang=\"SL\">Nel 1902 la cooperativa Trgovsko-obrtna zadruga <\/span>(Consorzio c<span lang=\"SL\">ommerciale e artigianale), su iniziativa di Henrik Tuma, inizi\u00f2 a ideare la costruzione dell\u2019edificio inteso a raggruppare in un unico spazio tutte le esigenze degli Sloveni del Goriziano. La progettazione venne affidata all\u2019architetto Maks Fabiani, l\u2019edifico venne invece costruito e allestito da diversi artigiani e impresari sloveni di Gorizia (impresa di costruzioni dei fratelli Mozeti\u010d, falegnameria Mizarska zadruga Solkan, officina del fabbro Klju\u010davni\u010darstvo Alojzij \u017divic, impresa vetraria Anton Koren). <\/span><\/span><\/p><p><span lang=\"SL\" style=\"font-family: helvetica, arial, sans-serif;\">\u00a0Su una superficie di 900 metri quadrati svolgevano la propria attivit\u00e0 imprese commerciali,\u00a0 organizzazioni culturali e sportive. Parte dell\u2019edificio era destinato ad una sala modernamente allestita nella quale gli Sloveni di Gorizia si incontravano per assistere a concerti, rappresentazioni teatrali e balli.<\/span><\/p><p><span lang=\"SL\" style=\"font-family: helvetica, arial, sans-serif;\">\u00a0Tra i primi a trasferirsi negli spazi era l\u2019avvocato Dragotin Treo che apr\u00ec il proprio studio nel dicembre del 1904. Successivamente vi si trasferirono l\u2019associazione Pevsko in glasbeno dru\u0161tvo che si occupava della scuola di musica e organizzava numerosi concerti. Nel sotterraneo svolgeva la propria attivit\u00e0 l\u2019associazione Gori\u0161ki Sokol che gestiva la palestra, il guardaroba, i bagni e il ripostiglio degli attrezzi. L\u2019associazione Narodna prosveta si trasfer\u00ec nel nuovo edificio con tutta la sua biblioteca. Il pianterreno era destinato ad uso commerciale, dove c\u2019erano negozi (ad es. il negozio di stoffe Pregrad &amp; \u010cerneti\u010d), successivamente anche la libreria di Andrej Gabr\u0161\u010dek. La banca della cooperativa Trgovsko-obrtna zadruga aveva i suoi uffici al primo piano. Gli altri spazi vennero invece occupati da altre associazioni (ad es. dal gruppo mandolinistico Mandolisti\u010dni kro\u017eek).<\/span><\/p><p><span lang=\"SL\" style=\"font-family: helvetica, arial, sans-serif;\">\u00a0Fino alla prima guerra mondiale l\u2019attivit\u00e0 della comunit\u00e0 slovena era molto vivace. Nella sala teatrale e negli spazi attigui si svolgevano balli, concerti, spettacoli teatrali e conferenze. Durante la Grande Guerra l\u2019edificio fu danneggiato e ci\u00f2 precluse l\u2019uso degli spazi per alcuni anni. La filiale della Ljubljanska kreditna banka fu tra le prime a trasferirsi e a riprendere l\u2019attivit\u00e0, a seguire le altre associazioni.<\/span><\/p><p><span style=\"font-family: helvetica, arial, sans-serif;\"><span lang=\"SL\">\u00a0La ricca attivit\u00e0 del Trgovski dom si concluse il 4 novembre 1926, quando <\/span>l\u2019autorit\u00e0<span lang=\"SL\"> fascista distrusse le sedi delle associazioni slovene. Nel 1927 il prefetto <\/span>eman\u00f2 un<span lang=\"SL\"> decreto con il quale il Trgovski dom v<\/span>enne<span lang=\"SL\"> requisito dalle autorit\u00e0. <\/span>Il consorzio Trgovsko-obrtna<span lang=\"SL\"> zadruga <\/span>fall\u00ec<span lang=\"SL\"> nel 1912. L\u2019edificio di sua propriet\u00e0 <\/span>venne<span lang=\"SL\"> gestito dal comitato di liquidazione del <\/span>c<span lang=\"SL\">onsorzio fino alla nomina di un nuovo liquidatore da parte dell\u2019autorit\u00e0 fascista che <\/span>decise<span lang=\"SL\"> di vendere l\u2019edificio al Partito Nazionale Fascista nel 1933. Da quel momento il Trgovski dom <\/span>venne<span lang=\"SL\"> denominato \u201eCasa del Littorio\u201c.<\/span><\/span><\/p><p><span style=\"font-family: helvetica, arial, sans-serif;\"><span lang=\"SL\">\u00a0Nel secondo dopoguerra la Casa del Littorio cambi<\/span>\u00f2<span lang=\"SL\"> nome e proprietario. Per un breve periodo gli <\/span>Sloveni poterono<span lang=\"SL\"> rientrare nell\u2019edificio denominato Ljudski dom e in poco tempo <\/span>riprese anche<span lang=\"SL\"> l\u2019attivit\u00e0 culturale di 32 organizzazioni (Slovansko-italijanska antifa\u0161isti\u010dna unija \u2013 SIAU, Antifa\u0161isti\u010dna slovensko-italijanska \u017eenska zveza \u2013 ASI\u017dZ, Zveze antifa\u0161isti\u010dne mladine Julijske krajine \u2013 ZAMJK, Zveza primorskih partizanova- ZPP, <\/span>gruppo teatrale <span lang=\"SL\">Dramsko dru\u0161tvo, <\/span>associazione <span lang=\"SL\">Pevsko in glasbeno dru\u0161tvo, Slovenska prosvetna zveza, <\/span>amministrazione del settimanale So\u0161ki tednik<span lang=\"SL\">, <\/span>filiale del<span lang=\"SL\"> Primorsk<\/span>i<span lang=\"SL\"> dnevnik, <\/span>redazione del foglio<span lang=\"SL\"> Glas mladih, Rde\u010di kri\u017e, <\/span>comitato <span lang=\"SL\">Odbor za izkop, po\u010dastitev in pokop slovenskih in italijanskih talcev in partizanov iz Gorice in okolice, Dija\u0161ka matica, <\/span>consorzio <span lang=\"SL\">Gori\u0161ka nabavna in prodajna zadruga etc.).<\/span><\/span><\/p><p><span style=\"font-family: helvetica, arial, sans-serif;\"><span lang=\"SL\">Nel 1946 il Governo Militare Alleato obblig<\/span>\u00f2<span lang=\"SL\"> le organizzazioni a trasferirsi altrove. Quando i confini <\/span>vennero<span lang=\"SL\"> definiti dai trattati di pace, il Governo Militare Alleato <\/span>decise<span lang=\"SL\"> di trasferire la propriet\u00e0 dell\u2019edificio allo stato italiano. Tutti gli sforzi per restituire l\u2019edificio alla comunit\u00e0 slovena <\/span>furono<span lang=\"SL\"> inutili. Dopo il Trattato di Osimo l\u2019amministrazione statale italana adott<\/span>\u00f2 l\u2019edificio<\/span><span lang=\"SL\"><span style=\"font-family: helvetica, arial, sans-serif;\"> come sede dei propri uffici.<\/span> <\/span><\/p><\/div>\n\t\t\t\t<\/div>\n\t\t\t\t\t\t\t\t<\/div>\n\t\t\t\t<\/div>\n\t\t\t\t<\/div>\n\t\t\t\t\t<\/div>\n\t\t<\/div>\n\t\t\t\t\t<\/div>\n\t\t<\/section>\n\t\t\t\t<section class=\"elementor-section elementor-top-section elementor-element elementor-element-a8bd3ce elementor-section-boxed elementor-section-height-default elementor-section-height-default\" data-id=\"a8bd3ce\" data-element_type=\"section\">\n\t\t\t\t\t\t<div class=\"elementor-container elementor-column-gap-default\">\n\t\t\t\t\t<div class=\"elementor-column elementor-col-100 elementor-top-column elementor-element elementor-element-bf8dec0\" data-id=\"bf8dec0\" data-element_type=\"column\">\n\t\t\t<div class=\"elementor-widget-wrap elementor-element-populated\">\n\t\t\t\t\t\t<div class=\"elementor-element elementor-element-ab69857 elementor-widget elementor-widget-image\" data-id=\"ab69857\" data-element_type=\"widget\" data-widget_type=\"image.default\">\n\t\t\t\t<div class=\"elementor-widget-container\">\n\t\t\t\t\t\t\t\t\t\t\t\t\t<img fetchpriority=\"high\" decoding=\"async\" width=\"730\" height=\"662\" src=\"https:\/\/knjiznica.it\/wp-content\/uploads\/2020\/11\/IMG_1371-scaled-e1606226014620-1024x928.jpg\" class=\"attachment-large size-large wp-image-2426\" alt=\"\" srcset=\"https:\/\/knjiznica.it\/wp-content\/uploads\/2020\/11\/IMG_1371-scaled-e1606226014620-1024x928.jpg 1024w, https:\/\/knjiznica.it\/wp-content\/uploads\/2020\/11\/IMG_1371-scaled-e1606226014620-300x272.jpg 300w, https:\/\/knjiznica.it\/wp-content\/uploads\/2020\/11\/IMG_1371-scaled-e1606226014620-768x696.jpg 768w, https:\/\/knjiznica.it\/wp-content\/uploads\/2020\/11\/IMG_1371-scaled-e1606226014620-1536x1392.jpg 1536w, https:\/\/knjiznica.it\/wp-content\/uploads\/2020\/11\/IMG_1371-scaled-e1606226014620-830x752.jpg 830w, https:\/\/knjiznica.it\/wp-content\/uploads\/2020\/11\/IMG_1371-scaled-e1606226014620-940x852.jpg 940w, https:\/\/knjiznica.it\/wp-content\/uploads\/2020\/11\/IMG_1371-scaled-e1606226014620.jpg 1920w\" sizes=\"(max-width: 730px) 100vw, 730px\" \/>\t\t\t\t\t\t\t\t\t\t\t\t\t<\/div>\n\t\t\t\t<\/div>\n\t\t\t\t\t<\/div>\n\t\t<\/div>\n\t\t\t\t\t<\/div>\n\t\t<\/section>\n\t\t\t\t<\/div>\n\t\t","protected":false},"excerpt":{"rendered":"<p>PRENOTAZIONE DELLA SALA CONFERENZE Per la prenotazione gli interessati devono contattare la Biblioteca con almeno 7 giorni di anticipo chiamando il numero 0039 0481 531733 o via email gorica@knjiznica.it. Al [&hellip;]<\/p>\n","protected":false},"author":11,"featured_media":0,"parent":0,"menu_order":0,"comment_status":"closed","ping_status":"closed","template":"","meta":{"_acf_changed":false,"cybocfi_hide_featured_image":"","footnotes":""},"class_list":["post-9459","page","type-page","status-publish","hentry"],"acf":[],"_links":{"self":[{"href":"https:\/\/knjiznica.it\/it\/wp-json\/wp\/v2\/pages\/9459","targetHints":{"allow":["GET"]}}],"collection":[{"href":"https:\/\/knjiznica.it\/it\/wp-json\/wp\/v2\/pages"}],"about":[{"href":"https:\/\/knjiznica.it\/it\/wp-json\/wp\/v2\/types\/page"}],"author":[{"embeddable":true,"href":"https:\/\/knjiznica.it\/it\/wp-json\/wp\/v2\/users\/11"}],"replies":[{"embeddable":true,"href":"https:\/\/knjiznica.it\/it\/wp-json\/wp\/v2\/comments?post=9459"}],"version-history":[{"count":103,"href":"https:\/\/knjiznica.it\/it\/wp-json\/wp\/v2\/pages\/9459\/revisions"}],"predecessor-version":[{"id":25851,"href":"https:\/\/knjiznica.it\/it\/wp-json\/wp\/v2\/pages\/9459\/revisions\/25851"}],"wp:attachment":[{"href":"https:\/\/knjiznica.it\/it\/wp-json\/wp\/v2\/media?parent=9459"}],"curies":[{"name":"wp","href":"https:\/\/api.w.org\/{rel}","templated":true}]}}